{"id":6350,"date":"2022-04-03T14:03:08","date_gmt":"2022-04-03T12:03:08","guid":{"rendered":"http:\/\/v2tbi.christelle-labruyere.com\/?page_id=6350"},"modified":"2022-06-08T17:48:15","modified_gmt":"2022-06-08T15:48:15","slug":"compo-solidia","status":"publish","type":"page","link":"https:\/\/www.toulouse-biotechnology-institute.fr\/en\/plateformes-plateaux\/solidia-2\/compo-solidia\/","title":{"rendered":"Compo Solidia"},"content":{"rendered":"<div data-elementor-type=\"wp-page\" data-elementor-id=\"6350\" class=\"elementor elementor-6350\" data-elementor-post-type=\"page\">\n\t\t\t\t\t\t<section class=\"elementor-section elementor-top-section elementor-element elementor-element-2ec79ae8 elementor-section-height-min-height elementor-section-content-middle elementor-section-boxed elementor-section-height-default elementor-section-items-middle\" data-id=\"2ec79ae8\" data-element_type=\"section\" data-e-type=\"section\" data-settings=\"{&quot;background_background&quot;:&quot;gradient&quot;,&quot;shape_divider_bottom&quot;:&quot;waves&quot;}\">\n\t\t\t\t\t\t\t<div class=\"elementor-background-overlay\"><\/div>\n\t\t\t\t\t\t<div class=\"elementor-shape elementor-shape-bottom\" aria-hidden=\"true\" data-negative=\"false\">\n\t\t\t<svg xmlns=\"http:\/\/www.w3.org\/2000\/svg\" viewbox=\"0 0 1000 100\" preserveaspectratio=\"none\">\n\t<path class=\"elementor-shape-fill\" d=\"M421.9,6.5c22.6-2.5,51.5,0.4,75.5,5.3c23.6,4.9,70.9,23.5,100.5,35.7c75.8,32.2,133.7,44.5,192.6,49.7\tc23.6,2.1,48.7,3.5,103.4-2.5c54.7-6,106.2-25.6,106.2-25.6V0H0v30.3c0,0,72,32.6,158.4,30.5c39.2-0.7,92.8-6.7,134-22.4\tc21.2-8.1,52.2-18.2,79.7-24.2C399.3,7.9,411.6,7.5,421.9,6.5z\"\/>\n<\/svg>\t\t<\/div>\n\t\t\t\t\t<div class=\"elementor-container elementor-column-gap-default\">\n\t\t\t\t\t<div class=\"elementor-column elementor-col-100 elementor-top-column elementor-element elementor-element-649bd3c5\" data-id=\"649bd3c5\" data-element_type=\"column\" data-e-type=\"column\">\n\t\t\t<div class=\"elementor-widget-wrap elementor-element-populated\">\n\t\t\t\t\t\t<section class=\"elementor-section elementor-inner-section elementor-element elementor-element-05bb2cd elementor-section-content-middle elementor-section-boxed elementor-section-height-default elementor-section-height-default\" data-id=\"05bb2cd\" data-element_type=\"section\" data-e-type=\"section\">\n\t\t\t\t\t\t<div class=\"elementor-container elementor-column-gap-default\">\n\t\t\t\t\t<div class=\"elementor-column elementor-col-33 elementor-inner-column elementor-element elementor-element-d2d82b9\" data-id=\"d2d82b9\" data-element_type=\"column\" data-e-type=\"column\">\n\t\t\t<div class=\"elementor-widget-wrap\">\n\t\t\t\t\t\t\t<\/div>\n\t\t<\/div>\n\t\t\t\t<div class=\"elementor-column elementor-col-33 elementor-inner-column elementor-element elementor-element-6df0057\" data-id=\"6df0057\" data-element_type=\"column\" data-e-type=\"column\">\n\t\t\t<div class=\"elementor-widget-wrap elementor-element-populated\">\n\t\t\t\t\t\t<div class=\"elementor-element elementor-element-bf57318 elementor-widget elementor-widget-heading\" data-id=\"bf57318\" data-element_type=\"widget\" data-e-type=\"widget\" data-widget_type=\"heading.default\">\n\t\t\t\t<div class=\"elementor-widget-container\">\n\t\t\t\t\t<h3 class=\"elementor-heading-title elementor-size-default\">Meet the team<\/h3>\t\t\t\t<\/div>\n\t\t\t\t<\/div>\n\t\t\t\t\t<\/div>\n\t\t<\/div>\n\t\t\t\t<div class=\"elementor-column elementor-col-33 elementor-inner-column elementor-element elementor-element-f4529a1\" data-id=\"f4529a1\" data-element_type=\"column\" data-e-type=\"column\">\n\t\t\t<div class=\"elementor-widget-wrap elementor-element-populated\">\n\t\t\t\t\t\t<div class=\"elementor-element elementor-element-3b180dd elementor-align-right elementor-widget elementor-widget-button\" data-id=\"3b180dd\" data-element_type=\"widget\" data-e-type=\"widget\" data-widget_type=\"button.default\">\n\t\t\t\t<div class=\"elementor-widget-container\">\n\t\t\t\t\t\t\t\t\t<div class=\"elementor-button-wrapper\">\n\t\t\t\t\t<a class=\"elementor-button elementor-button-link elementor-size-xs\" href=\"https:\/\/www.toulouse-biotechnology-institute.fr\/en\/plateformes-plateaux\/solidia-2\/\">\n\t\t\t\t\t\t<span class=\"elementor-button-content-wrapper\">\n\t\t\t\t\t\t<span class=\"elementor-button-icon\">\n\t\t\t\t<i aria-hidden=\"true\" class=\"fas fa-angle-left\"><\/i>\t\t\t<\/span>\n\t\t\t\t\t\t\t\t\t<span class=\"elementor-button-text\">Back to the team<\/span>\n\t\t\t\t\t<\/span>\n\t\t\t\t\t<\/a>\n\t\t\t\t<\/div>\n\t\t\t\t\t\t\t\t<\/div>\n\t\t\t\t<\/div>\n\t\t\t\t\t<\/div>\n\t\t<\/div>\n\t\t\t\t\t<\/div>\n\t\t<\/section>\n\t\t\t\t<div class=\"elementor-element elementor-element-253c4e66 elementor-widget elementor-widget-heading\" data-id=\"253c4e66\" data-element_type=\"widget\" data-e-type=\"widget\" data-widget_type=\"heading.default\">\n\t\t\t\t<div class=\"elementor-widget-container\">\n\t\t\t\t\t<h1 class=\"elementor-heading-title elementor-size-default\">Composition de l'\u00e9quipe Solidia<\/h1>\t\t\t\t<\/div>\n\t\t\t\t<\/div>\n\t\t\t\t\t<\/div>\n\t\t<\/div>\n\t\t\t\t\t<\/div>\n\t\t<\/section>\n\t\t\t\t<section class=\"elementor-section elementor-top-section elementor-element elementor-element-3d05fbd elementor-section-boxed elementor-section-height-default elementor-section-height-default\" data-id=\"3d05fbd\" data-element_type=\"section\" data-e-type=\"section\">\n\t\t\t\t\t\t<div class=\"elementor-container elementor-column-gap-default\">\n\t\t\t\t\t<div class=\"elementor-column elementor-col-100 elementor-top-column elementor-element elementor-element-605ae15\" data-id=\"605ae15\" data-element_type=\"column\" data-e-type=\"column\">\n\t\t\t<div class=\"elementor-widget-wrap elementor-element-populated\">\n\t\t\t\t\t\t<div class=\"elementor-element elementor-element-3b29b0c elementor-widget elementor-widget-text-editor\" data-id=\"3b29b0c\" data-element_type=\"widget\" data-e-type=\"widget\" data-widget_type=\"text-editor.default\">\n\t\t\t\t<div class=\"elementor-widget-container\">\n\t\t\t\t\t\t\t\t\t<p>To contact one of the team members by email: prenom.nom@insa-toulouse.fr<\/p>\t\t\t\t\t\t\t\t<\/div>\n\t\t\t\t<\/div>\n\t\t\t\t\t<\/div>\n\t\t<\/div>\n\t\t\t\t\t<\/div>\n\t\t<\/section>\n\t\t\t\t<section class=\"elementor-section elementor-top-section elementor-element elementor-element-04686b6 elementor-section-boxed elementor-section-height-default elementor-section-height-default\" data-id=\"04686b6\" data-element_type=\"section\" data-e-type=\"section\">\n\t\t\t\t\t\t<div class=\"elementor-container elementor-column-gap-default\">\n\t\t\t\t\t<div class=\"elementor-column elementor-col-100 elementor-top-column elementor-element elementor-element-44800ac\" data-id=\"44800ac\" data-element_type=\"column\" data-e-type=\"column\">\n\t\t\t<div class=\"elementor-widget-wrap elementor-element-populated\">\n\t\t\t\t\t\t<div class=\"elementor-element elementor-element-654fec4 elementor-widget elementor-widget-heading\" data-id=\"654fec4\" data-element_type=\"widget\" data-e-type=\"widget\" data-widget_type=\"heading.default\">\n\t\t\t\t<div class=\"elementor-widget-container\">\n\t\t\t\t\t<h2 class=\"elementor-heading-title elementor-size-default\">Research and technical staff <\/h2>\t\t\t\t<\/div>\n\t\t\t\t<\/div>\n\t\t\t\t\t<\/div>\n\t\t<\/div>\n\t\t\t\t\t<\/div>\n\t\t<\/section>\n\t\t\t\t<section class=\"elementor-section elementor-top-section elementor-element elementor-element-0e01e83 elementor-section-boxed elementor-section-height-default elementor-section-height-default\" data-id=\"0e01e83\" data-element_type=\"section\" data-e-type=\"section\">\n\t\t\t\t\t\t<div class=\"elementor-container elementor-column-gap-default\">\n\t\t\t\t\t<div class=\"elementor-column elementor-col-100 elementor-top-column elementor-element elementor-element-adeb398\" data-id=\"adeb398\" data-element_type=\"column\" data-e-type=\"column\">\n\t\t\t<div class=\"elementor-widget-wrap elementor-element-populated\">\n\t\t\t\t\t\t<div class=\"elementor-element elementor-element-f5cdeea elementor-widget elementor-widget-heading\" data-id=\"f5cdeea\" data-element_type=\"widget\" data-e-type=\"widget\" data-widget_type=\"heading.default\">\n\t\t\t\t<div class=\"elementor-widget-container\">\n\t\t\t\t\t<h2 class=\"elementor-heading-title elementor-size-default\">Non-permanent research staff <\/h2>\t\t\t\t<\/div>\n\t\t\t\t<\/div>\n\t\t\t\t\t<\/div>\n\t\t<\/div>\n\t\t\t\t\t<\/div>\n\t\t<\/section>\n\t\t\t\t<\/div>","protected":false},"excerpt":{"rendered":"<p>Rencontrez l&#8217;\u00e9quipe Retour vers la plateforme Composition de l&#8217;\u00e9quipe Solidia Pour contacter l&#8217;un des membres de l&#8217;\u00e9quipe par courriel :\u00a0prenom.nom@insa-toulouse.fr Personnel de recherche et personnel technique Personnels non-permanents<\/p>","protected":false},"author":1,"featured_media":0,"parent":6317,"menu_order":0,"comment_status":"closed","ping_status":"closed","template":"","meta":{"footnotes":""},"class_list":["post-6350","page","type-page","status-publish","hentry"],"yoast_head":"<!-- This site is optimized with the Yoast SEO plugin v27.3 - https:\/\/yoast.com\/product\/yoast-seo-wordpress\/ -->\n<title>Compo Solidia | TBI, Toulouse Biotechnology Institute<\/title>\n<meta name=\"robots\" content=\"index, follow, max-snippet:-1, max-image-preview:large, max-video-preview:-1\" \/>\n<link rel=\"canonical\" href=\"https:\/\/www.toulouse-biotechnology-institute.fr\/en\/plateformes-plateaux\/solidia-2\/compo-solidia\/\" \/>\n<meta property=\"og:locale\" content=\"en_GB\" \/>\n<meta property=\"og:type\" content=\"article\" \/>\n<meta property=\"og:title\" content=\"Compo Solidia | TBI, Toulouse Biotechnology Institute\" \/>\n<meta property=\"og:description\" content=\"Rencontrez l&#8217;\u00e9quipe Retour vers la plateforme Composition de l&#8217;\u00e9quipe Solidia Pour contacter l&#8217;un des membres de l&#8217;\u00e9quipe par courriel :\u00a0prenom.nom@insa-toulouse.fr Personnel de recherche et personnel technique Personnels non-permanents\" \/>\n<meta property=\"og:url\" content=\"https:\/\/www.toulouse-biotechnology-institute.fr\/en\/plateformes-plateaux\/solidia-2\/compo-solidia\/\" \/>\n<meta property=\"og:site_name\" content=\"TBI, Toulouse Biotechnology Institute\" \/>\n<meta property=\"article:publisher\" content=\"https:\/\/www.facebook.com\/TBI-Toulouse-Biotechnology-Institute-Bio-Chemical-Engineering-360428497952306\" \/>\n<meta property=\"article:modified_time\" content=\"2022-06-08T15:48:15+00:00\" \/>\n<meta property=\"og:image\" content=\"https:\/\/www.toulouse-biotechnology-institute.fr\/wp-content\/uploads\/2021\/10\/cropped-logo-TBITransp-HD-1.png\" \/>\n\t<meta property=\"og:image:width\" content=\"2000\" \/>\n\t<meta property=\"og:image:height\" content=\"1124\" \/>\n\t<meta property=\"og:image:type\" content=\"image\/png\" \/>\n<meta name=\"twitter:card\" content=\"summary_large_image\" \/>\n<meta name=\"twitter:site\" content=\"@TBI_Biotech\" \/>\n<script type=\"application\/ld+json\" class=\"yoast-schema-graph\">{\"@context\":\"https:\\\/\\\/schema.org\",\"@graph\":[{\"@type\":\"WebPage\",\"@id\":\"https:\\\/\\\/www.toulouse-biotechnology-institute.fr\\\/plateformes-plateaux\\\/solidia-2\\\/compo-solidia\\\/\",\"url\":\"https:\\\/\\\/www.toulouse-biotechnology-institute.fr\\\/plateformes-plateaux\\\/solidia-2\\\/compo-solidia\\\/\",\"name\":\"Compo Solidia | TBI, Toulouse Biotechnology Institute\",\"isPartOf\":{\"@id\":\"https:\\\/\\\/www.toulouse-biotechnology-institute.fr\\\/#website\"},\"datePublished\":\"2022-04-03T12:03:08+00:00\",\"dateModified\":\"2022-06-08T15:48:15+00:00\",\"breadcrumb\":{\"@id\":\"https:\\\/\\\/www.toulouse-biotechnology-institute.fr\\\/plateformes-plateaux\\\/solidia-2\\\/compo-solidia\\\/#breadcrumb\"},\"inLanguage\":\"en-GB\",\"potentialAction\":[{\"@type\":\"ReadAction\",\"target\":[\"https:\\\/\\\/www.toulouse-biotechnology-institute.fr\\\/plateformes-plateaux\\\/solidia-2\\\/compo-solidia\\\/\"]}]},{\"@type\":\"BreadcrumbList\",\"@id\":\"https:\\\/\\\/www.toulouse-biotechnology-institute.fr\\\/plateformes-plateaux\\\/solidia-2\\\/compo-solidia\\\/#breadcrumb\",\"itemListElement\":[{\"@type\":\"ListItem\",\"position\":1,\"name\":\"Accueil\",\"item\":\"https:\\\/\\\/www.toulouse-biotechnology-institute.fr\\\/\"},{\"@type\":\"ListItem\",\"position\":2,\"name\":\"Plateformes &#038; Plateaux\",\"item\":\"https:\\\/\\\/www.toulouse-biotechnology-institute.fr\\\/plateformes-plateaux\\\/\"},{\"@type\":\"ListItem\",\"position\":3,\"name\":\"Solidia\",\"item\":\"https:\\\/\\\/www.toulouse-biotechnology-institute.fr\\\/plateformes-plateaux\\\/solidia-2\\\/\"},{\"@type\":\"ListItem\",\"position\":4,\"name\":\"Compo Solidia\"}]},{\"@type\":\"WebSite\",\"@id\":\"https:\\\/\\\/www.toulouse-biotechnology-institute.fr\\\/#website\",\"url\":\"https:\\\/\\\/www.toulouse-biotechnology-institute.fr\\\/\",\"name\":\"TBI, Toulouse Biotechnology Institute\",\"description\":\"Bio &amp; Chemical Engineering\",\"publisher\":{\"@id\":\"https:\\\/\\\/www.toulouse-biotechnology-institute.fr\\\/#organization\"},\"alternateName\":\"TBI, Toulouse Biotechnology Institute\",\"potentialAction\":[{\"@type\":\"SearchAction\",\"target\":{\"@type\":\"EntryPoint\",\"urlTemplate\":\"https:\\\/\\\/www.toulouse-biotechnology-institute.fr\\\/?s={search_term_string}\"},\"query-input\":{\"@type\":\"PropertyValueSpecification\",\"valueRequired\":true,\"valueName\":\"search_term_string\"}}],\"inLanguage\":\"en-GB\"},{\"@type\":\"Organization\",\"@id\":\"https:\\\/\\\/www.toulouse-biotechnology-institute.fr\\\/#organization\",\"name\":\"TBI - Toulouse Biotechnology Institute\",\"url\":\"https:\\\/\\\/www.toulouse-biotechnology-institute.fr\\\/\",\"logo\":{\"@type\":\"ImageObject\",\"inLanguage\":\"en-GB\",\"@id\":\"https:\\\/\\\/www.toulouse-biotechnology-institute.fr\\\/#\\\/schema\\\/logo\\\/image\\\/\",\"url\":\"https:\\\/\\\/i0.wp.com\\\/www.toulouse-biotechnology-institute.fr\\\/wp-content\\\/uploads\\\/2021\\\/11\\\/100LOGO-TBITransp-BD.png?fit=100%2C56&ssl=1\",\"contentUrl\":\"https:\\\/\\\/i0.wp.com\\\/www.toulouse-biotechnology-institute.fr\\\/wp-content\\\/uploads\\\/2021\\\/11\\\/100LOGO-TBITransp-BD.png?fit=100%2C56&ssl=1\",\"width\":100,\"height\":56,\"caption\":\"TBI - Toulouse Biotechnology Institute\"},\"image\":{\"@id\":\"https:\\\/\\\/www.toulouse-biotechnology-institute.fr\\\/#\\\/schema\\\/logo\\\/image\\\/\"},\"sameAs\":[\"https:\\\/\\\/www.facebook.com\\\/TBI-Toulouse-Biotechnology-Institute-Bio-Chemical-Engineering-360428497952306\",\"https:\\\/\\\/x.com\\\/TBI_Biotech\"]}]}<\/script>\n<!-- \/ Yoast SEO plugin. -->","yoast_head_json":{"title":"Compo Solidia | TBI, Toulouse Biotechnology Institute","robots":{"index":"index","follow":"follow","max-snippet":"max-snippet:-1","max-image-preview":"max-image-preview:large","max-video-preview":"max-video-preview:-1"},"canonical":"https:\/\/www.toulouse-biotechnology-institute.fr\/en\/plateformes-plateaux\/solidia-2\/compo-solidia\/","og_locale":"en_GB","og_type":"article","og_title":"Compo Solidia | TBI, Toulouse Biotechnology Institute","og_description":"Rencontrez l&#8217;\u00e9quipe Retour vers la plateforme Composition de l&#8217;\u00e9quipe Solidia Pour contacter l&#8217;un des membres de l&#8217;\u00e9quipe par courriel :\u00a0prenom.nom@insa-toulouse.fr Personnel de recherche et personnel technique Personnels non-permanents","og_url":"https:\/\/www.toulouse-biotechnology-institute.fr\/en\/plateformes-plateaux\/solidia-2\/compo-solidia\/","og_site_name":"TBI, Toulouse Biotechnology Institute","article_publisher":"https:\/\/www.facebook.com\/TBI-Toulouse-Biotechnology-Institute-Bio-Chemical-Engineering-360428497952306","article_modified_time":"2022-06-08T15:48:15+00:00","og_image":[{"width":2000,"height":1124,"url":"https:\/\/www.toulouse-biotechnology-institute.fr\/wp-content\/uploads\/2021\/10\/cropped-logo-TBITransp-HD-1.png","type":"image\/png"}],"twitter_card":"summary_large_image","twitter_site":"@TBI_Biotech","schema":{"@context":"https:\/\/schema.org","@graph":[{"@type":"WebPage","@id":"https:\/\/www.toulouse-biotechnology-institute.fr\/plateformes-plateaux\/solidia-2\/compo-solidia\/","url":"https:\/\/www.toulouse-biotechnology-institute.fr\/plateformes-plateaux\/solidia-2\/compo-solidia\/","name":"Compo Solidia | TBI, Toulouse Biotechnology Institute","isPartOf":{"@id":"https:\/\/www.toulouse-biotechnology-institute.fr\/#website"},"datePublished":"2022-04-03T12:03:08+00:00","dateModified":"2022-06-08T15:48:15+00:00","breadcrumb":{"@id":"https:\/\/www.toulouse-biotechnology-institute.fr\/plateformes-plateaux\/solidia-2\/compo-solidia\/#breadcrumb"},"inLanguage":"en-GB","potentialAction":[{"@type":"ReadAction","target":["https:\/\/www.toulouse-biotechnology-institute.fr\/plateformes-plateaux\/solidia-2\/compo-solidia\/"]}]},{"@type":"BreadcrumbList","@id":"https:\/\/www.toulouse-biotechnology-institute.fr\/plateformes-plateaux\/solidia-2\/compo-solidia\/#breadcrumb","itemListElement":[{"@type":"ListItem","position":1,"name":"Accueil","item":"https:\/\/www.toulouse-biotechnology-institute.fr\/"},{"@type":"ListItem","position":2,"name":"Plateformes &#038; Plateaux","item":"https:\/\/www.toulouse-biotechnology-institute.fr\/plateformes-plateaux\/"},{"@type":"ListItem","position":3,"name":"Solidia","item":"https:\/\/www.toulouse-biotechnology-institute.fr\/plateformes-plateaux\/solidia-2\/"},{"@type":"ListItem","position":4,"name":"Compo Solidia"}]},{"@type":"WebSite","@id":"https:\/\/www.toulouse-biotechnology-institute.fr\/#website","url":"https:\/\/www.toulouse-biotechnology-institute.fr\/","name":"TBI, Toulouse Biotechnology Institute","description":"Bio &amp; Chemical Engineering","publisher":{"@id":"https:\/\/www.toulouse-biotechnology-institute.fr\/#organization"},"alternateName":"TBI, Toulouse Biotechnology Institute","potentialAction":[{"@type":"SearchAction","target":{"@type":"EntryPoint","urlTemplate":"https:\/\/www.toulouse-biotechnology-institute.fr\/?s={search_term_string}"},"query-input":{"@type":"PropertyValueSpecification","valueRequired":true,"valueName":"search_term_string"}}],"inLanguage":"en-GB"},{"@type":"Organization","@id":"https:\/\/www.toulouse-biotechnology-institute.fr\/#organization","name":"TBI - Toulouse Biotechnology Institute","url":"https:\/\/www.toulouse-biotechnology-institute.fr\/","logo":{"@type":"ImageObject","inLanguage":"en-GB","@id":"https:\/\/www.toulouse-biotechnology-institute.fr\/#\/schema\/logo\/image\/","url":"https:\/\/i0.wp.com\/www.toulouse-biotechnology-institute.fr\/wp-content\/uploads\/2021\/11\/100LOGO-TBITransp-BD.png?fit=100%2C56&ssl=1","contentUrl":"https:\/\/i0.wp.com\/www.toulouse-biotechnology-institute.fr\/wp-content\/uploads\/2021\/11\/100LOGO-TBITransp-BD.png?fit=100%2C56&ssl=1","width":100,"height":56,"caption":"TBI - Toulouse Biotechnology Institute"},"image":{"@id":"https:\/\/www.toulouse-biotechnology-institute.fr\/#\/schema\/logo\/image\/"},"sameAs":["https:\/\/www.facebook.com\/TBI-Toulouse-Biotechnology-Institute-Bio-Chemical-Engineering-360428497952306","https:\/\/x.com\/TBI_Biotech"]}]}},"_links":{"self":[{"href":"https:\/\/www.toulouse-biotechnology-institute.fr\/en\/wp-json\/wp\/v2\/pages\/6350","targetHints":{"allow":["GET"]}}],"collection":[{"href":"https:\/\/www.toulouse-biotechnology-institute.fr\/en\/wp-json\/wp\/v2\/pages"}],"about":[{"href":"https:\/\/www.toulouse-biotechnology-institute.fr\/en\/wp-json\/wp\/v2\/types\/page"}],"author":[{"embeddable":true,"href":"https:\/\/www.toulouse-biotechnology-institute.fr\/en\/wp-json\/wp\/v2\/users\/1"}],"replies":[{"embeddable":true,"href":"https:\/\/www.toulouse-biotechnology-institute.fr\/en\/wp-json\/wp\/v2\/comments?post=6350"}],"version-history":[{"count":13,"href":"https:\/\/www.toulouse-biotechnology-institute.fr\/en\/wp-json\/wp\/v2\/pages\/6350\/revisions"}],"predecessor-version":[{"id":9551,"href":"https:\/\/www.toulouse-biotechnology-institute.fr\/en\/wp-json\/wp\/v2\/pages\/6350\/revisions\/9551"}],"up":[{"embeddable":true,"href":"https:\/\/www.toulouse-biotechnology-institute.fr\/en\/wp-json\/wp\/v2\/pages\/6317"}],"wp:attachment":[{"href":"https:\/\/www.toulouse-biotechnology-institute.fr\/en\/wp-json\/wp\/v2\/media?parent=6350"}],"curies":[{"name":"wp","href":"https:\/\/api.w.org\/{rel}","templated":true}]}}