{"id":5505,"date":"2022-03-17T21:05:48","date_gmt":"2022-03-17T20:05:48","guid":{"rendered":"http:\/\/v2tbi.christelle-labruyere.com\/?page_id=5505"},"modified":"2022-12-08T15:54:05","modified_gmt":"2022-12-08T14:54:05","slug":"mentions-legales","status":"publish","type":"page","link":"https:\/\/www.toulouse-biotechnology-institute.fr\/en\/mentions-legales\/","title":{"rendered":"Mentions l\u00e9gales"},"content":{"rendered":"\t\t<div data-elementor-type=\"wp-page\" data-elementor-id=\"5505\" class=\"elementor elementor-5505\" data-elementor-post-type=\"page\">\n\t\t\t\t\t\t<section class=\"elementor-section elementor-top-section elementor-element elementor-element-21218745 elementor-section-height-min-height elementor-section-boxed elementor-section-height-default elementor-section-items-middle\" data-id=\"21218745\" data-element_type=\"section\" data-e-type=\"section\" data-settings=\"{&quot;background_background&quot;:&quot;gradient&quot;,&quot;shape_divider_bottom&quot;:&quot;waves&quot;}\">\n\t\t\t\t\t\t\t<div class=\"elementor-background-overlay\"><\/div>\n\t\t\t\t\t\t<div class=\"elementor-shape elementor-shape-bottom\" aria-hidden=\"true\" data-negative=\"false\">\n\t\t\t<svg xmlns=\"http:\/\/www.w3.org\/2000\/svg\" viewBox=\"0 0 1000 100\" preserveAspectRatio=\"none\">\n\t<path class=\"elementor-shape-fill\" d=\"M421.9,6.5c22.6-2.5,51.5,0.4,75.5,5.3c23.6,4.9,70.9,23.5,100.5,35.7c75.8,32.2,133.7,44.5,192.6,49.7\n\tc23.6,2.1,48.7,3.5,103.4-2.5c54.7-6,106.2-25.6,106.2-25.6V0H0v30.3c0,0,72,32.6,158.4,30.5c39.2-0.7,92.8-6.7,134-22.4\n\tc21.2-8.1,52.2-18.2,79.7-24.2C399.3,7.9,411.6,7.5,421.9,6.5z\"\/>\n<\/svg>\t\t<\/div>\n\t\t\t\t\t<div class=\"elementor-container elementor-column-gap-default\">\n\t\t\t\t\t<div class=\"elementor-column elementor-col-100 elementor-top-column elementor-element elementor-element-76da2f9e\" data-id=\"76da2f9e\" data-element_type=\"column\" data-e-type=\"column\">\n\t\t\t<div class=\"elementor-widget-wrap elementor-element-populated\">\n\t\t\t\t\t\t<div class=\"elementor-element elementor-element-2df6f630 elementor-widget elementor-widget-heading\" data-id=\"2df6f630\" data-element_type=\"widget\" data-e-type=\"widget\" data-widget_type=\"heading.default\">\n\t\t\t\t<div class=\"elementor-widget-container\">\n\t\t\t\t\t<h1 class=\"elementor-heading-title elementor-size-default\">Mentions l\u00e9gales<\/h1>\t\t\t\t<\/div>\n\t\t\t\t<\/div>\n\t\t\t\t\t<\/div>\n\t\t<\/div>\n\t\t\t\t\t<\/div>\n\t\t<\/section>\n\t\t\t\t<section class=\"elementor-section elementor-top-section elementor-element elementor-element-4c33df6 elementor-section-boxed elementor-section-height-default elementor-section-height-default\" data-id=\"4c33df6\" data-element_type=\"section\" data-e-type=\"section\">\n\t\t\t\t\t\t<div class=\"elementor-container elementor-column-gap-default\">\n\t\t\t\t\t<div class=\"elementor-column elementor-col-100 elementor-top-column elementor-element elementor-element-d742d41\" data-id=\"d742d41\" data-element_type=\"column\" data-e-type=\"column\">\n\t\t\t<div class=\"elementor-widget-wrap elementor-element-populated\">\n\t\t\t\t\t\t<div class=\"elementor-element elementor-element-02b053c elementor-widget elementor-widget-text-editor\" data-id=\"02b053c\" data-element_type=\"widget\" data-e-type=\"widget\" data-widget_type=\"text-editor.default\">\n\t\t\t\t<div class=\"elementor-widget-container\">\n\t\t\t\t\t\t\t\t\t<p><strong>Cette page pr\u00e9sente les aspects l\u00e9gaux du site Web TBI,\u00a0Toulouse Biotechnology Institute,\u00a0<em>Bio &amp; Chemical Engineering<\/em>.<\/strong><\/p>\t\t\t\t\t\t\t\t<\/div>\n\t\t\t\t<\/div>\n\t\t\t\t\t<\/div>\n\t\t<\/div>\n\t\t\t\t\t<\/div>\n\t\t<\/section>\n\t\t\t\t<section class=\"elementor-section elementor-top-section elementor-element elementor-element-a744724 elementor-section-boxed elementor-section-height-default elementor-section-height-default\" data-id=\"a744724\" data-element_type=\"section\" data-e-type=\"section\">\n\t\t\t\t\t\t<div class=\"elementor-container elementor-column-gap-default\">\n\t\t\t\t\t<div class=\"elementor-column elementor-col-50 elementor-top-column elementor-element elementor-element-fb95b98\" data-id=\"fb95b98\" data-element_type=\"column\" data-e-type=\"column\">\n\t\t\t<div class=\"elementor-widget-wrap elementor-element-populated\">\n\t\t\t\t\t\t<div class=\"elementor-element elementor-element-9391d18 elementor-widget elementor-widget-text-editor\" data-id=\"9391d18\" data-element_type=\"widget\" data-e-type=\"widget\" data-widget_type=\"text-editor.default\">\n\t\t\t\t<div class=\"elementor-widget-container\">\n\t\t\t\t\t\t\t\t\t<h1 class=\"ametys-richtext-title-1\">Raison Sociale<\/h1>\n<p><strong>TBI,<\/strong>\u00a0Toulouse Biotechnology Institute,\u00a0<em>Bio &amp; Chemical Engineering<\/em><\/p>\n<p>UMR5504 &#8211;\u00a0Institut National des Sciences Appliqu\u00e9es &#8211; CNRS<\/p>\n<p>UMR792 &#8211; INRAE<\/p>\n<p>135 Avenue de Rangueil<\/p>\n<p>31077 Toulouse Cedex 4<\/p>\n<p>T\u00e9l: 05 61 55 94 01<\/p>\t\t\t\t\t\t\t\t<\/div>\n\t\t\t\t<\/div>\n\t\t\t\t\t<\/div>\n\t\t<\/div>\n\t\t\t\t<div class=\"elementor-column elementor-col-50 elementor-top-column elementor-element elementor-element-339bb4d\" data-id=\"339bb4d\" data-element_type=\"column\" data-e-type=\"column\">\n\t\t\t<div class=\"elementor-widget-wrap elementor-element-populated\">\n\t\t\t\t\t\t<div class=\"elementor-element elementor-element-45b9d7d elementor-widget elementor-widget-text-editor\" data-id=\"45b9d7d\" data-element_type=\"widget\" data-e-type=\"widget\" data-widget_type=\"text-editor.default\">\n\t\t\t\t<div class=\"elementor-widget-container\">\n\t\t\t\t\t\t\t\t\t<h2 class=\"ametys-richtext-title-1\">Directeur de publication<\/h2>\n<p>Gilles TRUAN, Directeur de TBI<\/p>\n<h2 class=\"ametys-richtext-title-1\">R\u00e9daction<\/h2>\n<p>Christelle LABRUYERE &#8211; Charg\u00e9e de Communication &#8211; <a class=\"mailto\" href=\"mailto:christelle.labruyere@insa-toulouse.fr\">christelle.labruyere@insa-toulouse.fr\u00a0 <\/a>et les \u00e9quipes du TBI<\/p>\n<h2 class=\"ametys-richtext-title-1\">H\u00e9bergeur<\/h2>\n<p>INSA de Toulouse<\/p>\t\t\t\t\t\t\t\t<\/div>\n\t\t\t\t<\/div>\n\t\t\t\t\t<\/div>\n\t\t<\/div>\n\t\t\t\t\t<\/div>\n\t\t<\/section>\n\t\t\t\t<section class=\"elementor-section elementor-top-section elementor-element elementor-element-386cce2 elementor-section-boxed elementor-section-height-default elementor-section-height-default\" data-id=\"386cce2\" data-element_type=\"section\" data-e-type=\"section\">\n\t\t\t\t\t\t<div class=\"elementor-container elementor-column-gap-default\">\n\t\t\t\t\t<div class=\"elementor-column elementor-col-100 elementor-top-column elementor-element elementor-element-3e6e3ad\" data-id=\"3e6e3ad\" data-element_type=\"column\" data-e-type=\"column\">\n\t\t\t<div class=\"elementor-widget-wrap elementor-element-populated\">\n\t\t\t\t\t\t<div class=\"elementor-element elementor-element-e8c47fd elementor-widget elementor-widget-text-editor\" data-id=\"e8c47fd\" data-element_type=\"widget\" data-e-type=\"widget\" data-widget_type=\"text-editor.default\">\n\t\t\t\t<div class=\"elementor-widget-container\">\n\t\t\t\t\t\t\t\t\t<h2 class=\"ametys-richtext-title-1\">Mentions l\u00e9gales<\/h2>\n<p>La capture des informations nominatives \u00e0 fin de cr\u00e9ation d&#8217;un autre traitement nominatif (par exemple \u00e0 usage commercial ou publicitaire) est strictement interdite pour tous pays.<\/p>\n<p>Conform\u00e9ment \u00e0 la loi 78-17 &#8220;Informatique et Libert\u00e9s&#8221; (art 34 et art 36), vous disposez d&#8217;un droit d&#8217;acc\u00e8s, de rectification et de suppression des donn\u00e9es vous concernant, en ligne sur ce site. Pour exercer ce droit, vous pouvez vous adresser \u00e0 <a class=\"simple\" href=\"mailto:com-tbi@insa-toulouse.fr\" target=\"_blank\" rel=\"noopener\">com-tbi@insa-toulouse.fr<\/a><\/p>\t\t\t\t\t\t\t\t<\/div>\n\t\t\t\t<\/div>\n\t\t\t\t\t<\/div>\n\t\t<\/div>\n\t\t\t\t\t<\/div>\n\t\t<\/section>\n\t\t\t\t<section class=\"elementor-section elementor-top-section elementor-element elementor-element-5973b13a elementor-section-boxed elementor-section-height-default elementor-section-height-default\" data-id=\"5973b13a\" data-element_type=\"section\" data-e-type=\"section\">\n\t\t\t\t\t\t<div class=\"elementor-container elementor-column-gap-default\">\n\t\t\t\t\t<div class=\"elementor-column elementor-col-100 elementor-top-column elementor-element elementor-element-1f49b92f\" data-id=\"1f49b92f\" data-element_type=\"column\" data-e-type=\"column\">\n\t\t\t<div class=\"elementor-widget-wrap elementor-element-populated\">\n\t\t\t\t\t\t<div class=\"elementor-element elementor-element-51591ba elementor-widget elementor-widget-text-editor\" data-id=\"51591ba\" data-element_type=\"widget\" data-e-type=\"widget\" data-widget_type=\"text-editor.default\">\n\t\t\t\t<div class=\"elementor-widget-container\">\n\t\t\t\t\t\t\t\t\t<p><\/p>\n<h1>Cr\u00e9dits photos et illustrations<\/h1>\n<ul>\n<li><strong>Illustrations des p\u00f4les<\/strong> : <a href=\"http:\/\/annapavie.com\/\" target=\"_blank\" rel=\"noopener\">Anna Pavie<\/a><\/li>\n<li><strong>Illustrations des \u00e9quipes<\/strong> : <a href=\"https:\/\/www.behance.net\/sup3r8\" target=\"_blank\" rel=\"noopener\">Jan G\u00fcnther<\/a><\/li>\n<li><strong>Illustrations des th\u00e8mes de recherche<\/strong> : Canva Pro<\/li>\n<li><strong>Vid\u00e9o d&#8217;accueil<\/strong> : Christelle LABRUYERE<\/li>\n<li><strong>Equipe I2M<\/strong> : Shutterstock,\u00a0Philippe Urban<\/li>\n<li><strong>Equipe BLADE<\/strong> : Shutterstock,\u00a0<\/li>\n<li><strong>Equipe Sophye : <\/strong>Unsplash (Frank Mckenna), iStock<\/li>\n<li><strong>Plateau d\u2019Analyses physico-chimiques<\/strong> : Christelle LABRUYERE<\/li>\n<li><strong>Autres photos<\/strong> : INSA Toulouse, CNRS, INRAE Occitanie, les \u00e9quipes de recherche<\/li>\n<li><strong>Icones<\/strong> : flaticon.com et Christelle LABRUYERE<\/li>\n<\/ul>\n<p><\/p>\n<p><\/p>\t\t\t\t\t\t\t\t<\/div>\n\t\t\t\t<\/div>\n\t\t\t\t\t<\/div>\n\t\t<\/div>\n\t\t\t\t\t<\/div>\n\t\t<\/section>\n\t\t\t\t<section class=\"elementor-section elementor-top-section elementor-element elementor-element-029851c elementor-section-boxed elementor-section-height-default elementor-section-height-default\" data-id=\"029851c\" data-element_type=\"section\" data-e-type=\"section\">\n\t\t\t\t\t\t<div class=\"elementor-container elementor-column-gap-default\">\n\t\t\t\t\t<div class=\"elementor-column elementor-col-100 elementor-top-column elementor-element elementor-element-c9517d3\" data-id=\"c9517d3\" data-element_type=\"column\" data-e-type=\"column\">\n\t\t\t<div class=\"elementor-widget-wrap elementor-element-populated\">\n\t\t\t\t\t\t<div class=\"elementor-element elementor-element-d560d94 elementor-widget elementor-widget-text-editor\" data-id=\"d560d94\" data-element_type=\"widget\" data-e-type=\"widget\" data-widget_type=\"text-editor.default\">\n\t\t\t\t<div class=\"elementor-widget-container\">\n\t\t\t\t\t\t\t\t\t<h1>Protection des donn\u00e9es personnelles<\/h1>\n<div>\n<div>\n<div>\n<p>Le TBI, en sa qualit\u00e9 de responsable de traitement, vous informe que vos donn\u00e9es font l\u2019objet d\u2019un traitement.\u00a0<\/p>\n<\/div>\n<\/div>\n<\/div>\n<div>\n<div>\n<div>\n<div>\n<div>\n<p>Des donn\u00e9es \u00e0 caract\u00e8re personnel sont susceptibles d\u2019\u00eatre collect\u00e9es par le service communication\u00a0de TBI.<\/p>\n<p>Des donn\u00e9es \u00e0 caract\u00e8re personnel :<\/p>\n<ul>\n<li>Nom<\/li>\n<li>Pr\u00e9nom<\/li>\n<li>Adresse e-mail<\/li>\n<li>Organisme de rattachement (institut, laboratoire, entreprises\u2026)<\/li>\n<li>Fonction (\u00e9tudiants, stagiaires, chercheurs, directeur, responsable technique)<\/li>\n<\/ul>\n<p>Dans le cadre :<\/p>\n<ul>\n<li>d\u2019inscription aux newsletters<\/li>\n<li>de participation \u00e0 des \u00e9v\u00e9nements<\/li>\n<\/ul>\n<\/div>\n<\/div>\n<\/div>\n<\/div>\n<div>\n<h2>Destinataires des donn\u00e9es<\/h2>\n<p>Ces donn\u00e9es sont accessibles, en fonction de leurs besoins respectifs, par :\u00a0<\/p>\n<ul>\n<li>Webmestres, administrateurs du site\u00a0https:\/\/www.toulouse-biotechnology-institute.fr\/<\/li>\n<li>Service\/personne en charge de la communication<\/li>\n<\/ul>\n<\/div>\n<div>\n<div>\n<div>\n<div>\n<h2>Dur\u00e9e de conservation des donn\u00e9es<\/h2>\n<p>Elles sont conserv\u00e9es pour une dur\u00e9e de :\u00a0<\/p>\n<ul>\n<li>A la fin d\u2019un \u00e9v\u00e9nement, la liste des donn\u00e9es requises \u00e0 l\u2019inscription est supprim\u00e9e.<\/li>\n<li>Au bout de trois ans d\u2019inactivit\u00e9, les donn\u00e9es personnelles sont supprim\u00e9es dans le cadre du droit \u00e0 l\u2019oubli.<\/li>\n<li><span dir=\"ltr\" role=\"presentation\">En cas de demande de d\u00e9sabonnement, les donn\u00e9es seront supprim\u00e9es de la demande<\/span><br role=\"presentation\" \/><span dir=\"ltr\" role=\"presentation\">de la personne concern\u00e9e dans un d\u00e9lai de 1 mois. Cel<\/span><span dir=\"ltr\" role=\"presentation\">le<\/span><span dir=\"ltr\" role=\"presentation\">&#8211;<\/span><span dir=\"ltr\" role=\"presentation\">ci doit faire l\u2019objet d\u2019un message confirmant en retour la suppression.<\/span><br role=\"presentation\" \/><span dir=\"ltr\" role=\"presentation\">Il en est de m\u00eame en cas de demande de modification de donn\u00e9es (ex.<\/span> <span dir=\"ltr\" role=\"presentation\">: changement d\u2019adresse m\u00e9l). Un<\/span><br role=\"presentation\" \/><span dir=\"ltr\" role=\"presentation\">message sera envoy\u00e9 au demandeur pour confirmer la modification des donn\u00e9es.<\/span><\/li>\n<\/ul>\n<\/div>\n<\/div>\n<\/div>\n<\/div>\n<div>\n<div>\n<div>\n<div>\n<h2>Transfert des donn\u00e9es hors de l\u2019Union Europ\u00e9enne<\/h2>\n<p>Aucun transfert des donn\u00e9es hors de l\u2019Union Europ\u00e9enne n\u2019est r\u00e9alis\u00e9.<\/p>\n<\/div>\n<\/div>\n<\/div>\n<\/div>\n<div>\n<div>\n<div>\n<div>\n<h2>Droit des personnes<\/h2>\n<p>Conform\u00e9ment aux dispositions l\u00e9gales et r\u00e8glementaires applicables, en particulier la loi n\u00b0 78-17 du 6 janvier modifi\u00e9e relative \u00e0 l\u2019informatique, aux fichiers et aux libert\u00e9s et le r\u00e8glement europ\u00e9en n\u00b0 2016\/679\/UE du 27 avril 2016 (applicable depuis le 25 mai 2018), vous disposez des droits suivants\u00a0:<\/p>\n<p>Contributeur authentifi\u00e9 :<\/p>\n<ul>\n<li>Mettre \u00e0 jour ou supprimer vos donn\u00e9es en vous connectant \u00e0 votre compte et en configurant ses param\u00e8tres\u00a0;<\/li>\n<\/ul>\n<p>Utilisateur :<\/p>\n<ul>\n<li>Exercer votre droit d\u2019acc\u00e8s, pour conna\u00eetre les donn\u00e9es personnelles qui vous concernent\u00a0;<\/li>\n<li>Demander la mise \u00e0 jour de vos donn\u00e9es, si elles sont inexactes\u00a0;<\/li>\n<li>Demander la portabilit\u00e9 ou la suppression de vos donn\u00e9es\u00a0;<\/li>\n<li>Demander la suppression de votre compte\u00a0;<\/li>\n<li>Demander la limitation du traitement de vos donn\u00e9es\u00a0;<\/li>\n<li>Vous opposer, pour des motifs l\u00e9gitimes, au traitement de vos donn\u00e9es\u00a0;<\/li>\n<li>Retirer votre consentement au traitement de vos donn\u00e9es.<\/li>\n<\/ul>\n<\/div>\n<\/div>\n<\/div>\n<\/div>\n<div>\n<div>\n<h3>Pour exercer ces droits<\/h3>\n<div>\n<div>\n<p>Adressez-vous \u00e0 l\u2019\u00e9quipe web : com-tbi[a]insa-toulouse.fr<\/p>\n<\/div>\n<\/div>\n<\/div>\n<\/div>\n<div>\n<div>\n<div>\n<div>\n<h2>Droit d\u2019introduire une r\u00e9clamation<\/h2>\n<p>Si vous estimez, apr\u00e8s nous avoir contact\u00e9s, que vos droits Informatique et Libert\u00e9s ne sont pas respect\u00e9s, vous avez la possibilit\u00e9 d\u2019introduire une r\u00e9clamation en ligne aupr\u00e8s de la\u00a0<a href=\"https:\/\/www.cnil.fr\/\" target=\"_blank\" rel=\"noopener noreferrer\">CNIL<\/a>\u00a0ou par courrier postal.<\/p>\n<\/div>\n<\/div>\n<\/div>\n<\/div>\n<\/div>\t\t\t\t\t\t\t\t<\/div>\n\t\t\t\t<\/div>\n\t\t\t\t\t<\/div>\n\t\t<\/div>\n\t\t\t\t\t<\/div>\n\t\t<\/section>\n\t\t\t\t<\/div>\n\t\t","protected":false},"excerpt":{"rendered":"<p>Mentions l\u00e9gales Cette page pr\u00e9sente les aspects l\u00e9gaux du site Web TBI,\u00a0Toulouse Biotechnology Institute,\u00a0Bio &amp; Chemical Engineering. Raison Sociale TBI,\u00a0Toulouse Biotechnology Institute,\u00a0Bio &amp; Chemical Engineering UMR5504 &#8211;\u00a0Institut National des Sciences Appliqu\u00e9es &#8211; CNRS UMR792 &#8211; INRAE 135 Avenue de Rangueil 31077 Toulouse Cedex 4 T\u00e9l: 05 61 55 94 01 Directeur de publication Gilles TRUAN, [&hellip;]<\/p>\n","protected":false},"author":1,"featured_media":0,"parent":0,"menu_order":0,"comment_status":"closed","ping_status":"closed","template":"","meta":{"footnotes":""},"class_list":["post-5505","page","type-page","status-publish","hentry"],"yoast_head":"<!-- This site is optimized with the Yoast SEO plugin v27.4 - https:\/\/yoast.com\/product\/yoast-seo-wordpress\/ -->\n<title>Mentions l\u00e9gales | TBI, Toulouse Biotechnology Institute<\/title>\n<meta name=\"robots\" content=\"index, follow, max-snippet:-1, max-image-preview:large, max-video-preview:-1\" \/>\n<link rel=\"canonical\" href=\"https:\/\/www.toulouse-biotechnology-institute.fr\/en\/mentions-legales\/\" \/>\n<meta property=\"og:locale\" content=\"en_GB\" \/>\n<meta property=\"og:type\" content=\"article\" \/>\n<meta property=\"og:title\" content=\"Mentions l\u00e9gales | TBI, Toulouse Biotechnology Institute\" \/>\n<meta property=\"og:description\" content=\"Mentions l\u00e9gales Cette page pr\u00e9sente les aspects l\u00e9gaux du site Web TBI,\u00a0Toulouse Biotechnology Institute,\u00a0Bio &amp; Chemical Engineering. Raison Sociale TBI,\u00a0Toulouse Biotechnology Institute,\u00a0Bio &amp; Chemical Engineering UMR5504 &#8211;\u00a0Institut National des Sciences Appliqu\u00e9es &#8211; CNRS UMR792 &#8211; INRAE 135 Avenue de Rangueil 31077 Toulouse Cedex 4 T\u00e9l: 05 61 55 94 01 Directeur de publication Gilles TRUAN, [&hellip;]\" \/>\n<meta property=\"og:url\" content=\"https:\/\/www.toulouse-biotechnology-institute.fr\/en\/mentions-legales\/\" \/>\n<meta property=\"og:site_name\" content=\"TBI, Toulouse Biotechnology Institute\" \/>\n<meta property=\"article:publisher\" content=\"https:\/\/www.facebook.com\/TBI-Toulouse-Biotechnology-Institute-Bio-Chemical-Engineering-360428497952306\" \/>\n<meta property=\"article:modified_time\" content=\"2022-12-08T14:54:05+00:00\" \/>\n<meta property=\"og:image\" content=\"https:\/\/www.toulouse-biotechnology-institute.fr\/wp-content\/uploads\/2021\/10\/cropped-logo-TBITransp-HD-1.png\" \/>\n\t<meta property=\"og:image:width\" content=\"2000\" \/>\n\t<meta property=\"og:image:height\" content=\"1124\" \/>\n\t<meta property=\"og:image:type\" content=\"image\/png\" \/>\n<meta name=\"twitter:card\" content=\"summary_large_image\" \/>\n<meta name=\"twitter:site\" content=\"@TBI_Biotech\" \/>\n<meta name=\"twitter:label1\" content=\"Estimated reading time\" \/>\n\t<meta name=\"twitter:data1\" content=\"3 minutes\" \/>\n<script type=\"application\/ld+json\" class=\"yoast-schema-graph\">{\"@context\":\"https:\\\/\\\/schema.org\",\"@graph\":[{\"@type\":\"WebPage\",\"@id\":\"https:\\\/\\\/www.toulouse-biotechnology-institute.fr\\\/mentions-legales\\\/\",\"url\":\"https:\\\/\\\/www.toulouse-biotechnology-institute.fr\\\/mentions-legales\\\/\",\"name\":\"Mentions l\u00e9gales | TBI, Toulouse Biotechnology Institute\",\"isPartOf\":{\"@id\":\"https:\\\/\\\/www.toulouse-biotechnology-institute.fr\\\/#website\"},\"datePublished\":\"2022-03-17T20:05:48+00:00\",\"dateModified\":\"2022-12-08T14:54:05+00:00\",\"breadcrumb\":{\"@id\":\"https:\\\/\\\/www.toulouse-biotechnology-institute.fr\\\/mentions-legales\\\/#breadcrumb\"},\"inLanguage\":\"en-GB\",\"potentialAction\":[{\"@type\":\"ReadAction\",\"target\":[\"https:\\\/\\\/www.toulouse-biotechnology-institute.fr\\\/mentions-legales\\\/\"]}]},{\"@type\":\"BreadcrumbList\",\"@id\":\"https:\\\/\\\/www.toulouse-biotechnology-institute.fr\\\/mentions-legales\\\/#breadcrumb\",\"itemListElement\":[{\"@type\":\"ListItem\",\"position\":1,\"name\":\"Accueil\",\"item\":\"https:\\\/\\\/www.toulouse-biotechnology-institute.fr\\\/\"},{\"@type\":\"ListItem\",\"position\":2,\"name\":\"Mentions l\u00e9gales\"}]},{\"@type\":\"WebSite\",\"@id\":\"https:\\\/\\\/www.toulouse-biotechnology-institute.fr\\\/#website\",\"url\":\"https:\\\/\\\/www.toulouse-biotechnology-institute.fr\\\/\",\"name\":\"TBI, Toulouse Biotechnology Institute\",\"description\":\"Bio &amp; Chemical Engineering\",\"publisher\":{\"@id\":\"https:\\\/\\\/www.toulouse-biotechnology-institute.fr\\\/#organization\"},\"alternateName\":\"TBI, Toulouse Biotechnology Institute\",\"potentialAction\":[{\"@type\":\"SearchAction\",\"target\":{\"@type\":\"EntryPoint\",\"urlTemplate\":\"https:\\\/\\\/www.toulouse-biotechnology-institute.fr\\\/?s={search_term_string}\"},\"query-input\":{\"@type\":\"PropertyValueSpecification\",\"valueRequired\":true,\"valueName\":\"search_term_string\"}}],\"inLanguage\":\"en-GB\"},{\"@type\":\"Organization\",\"@id\":\"https:\\\/\\\/www.toulouse-biotechnology-institute.fr\\\/#organization\",\"name\":\"TBI - Toulouse Biotechnology Institute\",\"url\":\"https:\\\/\\\/www.toulouse-biotechnology-institute.fr\\\/\",\"logo\":{\"@type\":\"ImageObject\",\"inLanguage\":\"en-GB\",\"@id\":\"https:\\\/\\\/www.toulouse-biotechnology-institute.fr\\\/#\\\/schema\\\/logo\\\/image\\\/\",\"url\":\"https:\\\/\\\/i0.wp.com\\\/www.toulouse-biotechnology-institute.fr\\\/wp-content\\\/uploads\\\/2021\\\/11\\\/100LOGO-TBITransp-BD.png?fit=100%2C56&ssl=1\",\"contentUrl\":\"https:\\\/\\\/i0.wp.com\\\/www.toulouse-biotechnology-institute.fr\\\/wp-content\\\/uploads\\\/2021\\\/11\\\/100LOGO-TBITransp-BD.png?fit=100%2C56&ssl=1\",\"width\":100,\"height\":56,\"caption\":\"TBI - Toulouse Biotechnology Institute\"},\"image\":{\"@id\":\"https:\\\/\\\/www.toulouse-biotechnology-institute.fr\\\/#\\\/schema\\\/logo\\\/image\\\/\"},\"sameAs\":[\"https:\\\/\\\/www.facebook.com\\\/TBI-Toulouse-Biotechnology-Institute-Bio-Chemical-Engineering-360428497952306\",\"https:\\\/\\\/x.com\\\/TBI_Biotech\"]}]}<\/script>\n<!-- \/ Yoast SEO plugin. -->","yoast_head_json":{"title":"Mentions l\u00e9gales | TBI, Toulouse Biotechnology Institute","robots":{"index":"index","follow":"follow","max-snippet":"max-snippet:-1","max-image-preview":"max-image-preview:large","max-video-preview":"max-video-preview:-1"},"canonical":"https:\/\/www.toulouse-biotechnology-institute.fr\/en\/mentions-legales\/","og_locale":"en_GB","og_type":"article","og_title":"Mentions l\u00e9gales | TBI, Toulouse Biotechnology Institute","og_description":"Mentions l\u00e9gales Cette page pr\u00e9sente les aspects l\u00e9gaux du site Web TBI,\u00a0Toulouse Biotechnology Institute,\u00a0Bio &amp; Chemical Engineering. Raison Sociale TBI,\u00a0Toulouse Biotechnology Institute,\u00a0Bio &amp; Chemical Engineering UMR5504 &#8211;\u00a0Institut National des Sciences Appliqu\u00e9es &#8211; CNRS UMR792 &#8211; INRAE 135 Avenue de Rangueil 31077 Toulouse Cedex 4 T\u00e9l: 05 61 55 94 01 Directeur de publication Gilles TRUAN, [&hellip;]","og_url":"https:\/\/www.toulouse-biotechnology-institute.fr\/en\/mentions-legales\/","og_site_name":"TBI, Toulouse Biotechnology Institute","article_publisher":"https:\/\/www.facebook.com\/TBI-Toulouse-Biotechnology-Institute-Bio-Chemical-Engineering-360428497952306","article_modified_time":"2022-12-08T14:54:05+00:00","og_image":[{"width":2000,"height":1124,"url":"https:\/\/www.toulouse-biotechnology-institute.fr\/wp-content\/uploads\/2021\/10\/cropped-logo-TBITransp-HD-1.png","type":"image\/png"}],"twitter_card":"summary_large_image","twitter_site":"@TBI_Biotech","twitter_misc":{"Estimated reading time":"3 minutes"},"schema":{"@context":"https:\/\/schema.org","@graph":[{"@type":"WebPage","@id":"https:\/\/www.toulouse-biotechnology-institute.fr\/mentions-legales\/","url":"https:\/\/www.toulouse-biotechnology-institute.fr\/mentions-legales\/","name":"Mentions l\u00e9gales | TBI, Toulouse Biotechnology Institute","isPartOf":{"@id":"https:\/\/www.toulouse-biotechnology-institute.fr\/#website"},"datePublished":"2022-03-17T20:05:48+00:00","dateModified":"2022-12-08T14:54:05+00:00","breadcrumb":{"@id":"https:\/\/www.toulouse-biotechnology-institute.fr\/mentions-legales\/#breadcrumb"},"inLanguage":"en-GB","potentialAction":[{"@type":"ReadAction","target":["https:\/\/www.toulouse-biotechnology-institute.fr\/mentions-legales\/"]}]},{"@type":"BreadcrumbList","@id":"https:\/\/www.toulouse-biotechnology-institute.fr\/mentions-legales\/#breadcrumb","itemListElement":[{"@type":"ListItem","position":1,"name":"Accueil","item":"https:\/\/www.toulouse-biotechnology-institute.fr\/"},{"@type":"ListItem","position":2,"name":"Mentions l\u00e9gales"}]},{"@type":"WebSite","@id":"https:\/\/www.toulouse-biotechnology-institute.fr\/#website","url":"https:\/\/www.toulouse-biotechnology-institute.fr\/","name":"TBI, Toulouse Biotechnology Institute","description":"Bio &amp; Chemical Engineering","publisher":{"@id":"https:\/\/www.toulouse-biotechnology-institute.fr\/#organization"},"alternateName":"TBI, Toulouse Biotechnology Institute","potentialAction":[{"@type":"SearchAction","target":{"@type":"EntryPoint","urlTemplate":"https:\/\/www.toulouse-biotechnology-institute.fr\/?s={search_term_string}"},"query-input":{"@type":"PropertyValueSpecification","valueRequired":true,"valueName":"search_term_string"}}],"inLanguage":"en-GB"},{"@type":"Organization","@id":"https:\/\/www.toulouse-biotechnology-institute.fr\/#organization","name":"TBI - Toulouse Biotechnology Institute","url":"https:\/\/www.toulouse-biotechnology-institute.fr\/","logo":{"@type":"ImageObject","inLanguage":"en-GB","@id":"https:\/\/www.toulouse-biotechnology-institute.fr\/#\/schema\/logo\/image\/","url":"https:\/\/i0.wp.com\/www.toulouse-biotechnology-institute.fr\/wp-content\/uploads\/2021\/11\/100LOGO-TBITransp-BD.png?fit=100%2C56&ssl=1","contentUrl":"https:\/\/i0.wp.com\/www.toulouse-biotechnology-institute.fr\/wp-content\/uploads\/2021\/11\/100LOGO-TBITransp-BD.png?fit=100%2C56&ssl=1","width":100,"height":56,"caption":"TBI - Toulouse Biotechnology Institute"},"image":{"@id":"https:\/\/www.toulouse-biotechnology-institute.fr\/#\/schema\/logo\/image\/"},"sameAs":["https:\/\/www.facebook.com\/TBI-Toulouse-Biotechnology-Institute-Bio-Chemical-Engineering-360428497952306","https:\/\/x.com\/TBI_Biotech"]}]}},"_links":{"self":[{"href":"https:\/\/www.toulouse-biotechnology-institute.fr\/en\/wp-json\/wp\/v2\/pages\/5505","targetHints":{"allow":["GET"]}}],"collection":[{"href":"https:\/\/www.toulouse-biotechnology-institute.fr\/en\/wp-json\/wp\/v2\/pages"}],"about":[{"href":"https:\/\/www.toulouse-biotechnology-institute.fr\/en\/wp-json\/wp\/v2\/types\/page"}],"author":[{"embeddable":true,"href":"https:\/\/www.toulouse-biotechnology-institute.fr\/en\/wp-json\/wp\/v2\/users\/1"}],"replies":[{"embeddable":true,"href":"https:\/\/www.toulouse-biotechnology-institute.fr\/en\/wp-json\/wp\/v2\/comments?post=5505"}],"version-history":[{"count":60,"href":"https:\/\/www.toulouse-biotechnology-institute.fr\/en\/wp-json\/wp\/v2\/pages\/5505\/revisions"}],"predecessor-version":[{"id":10987,"href":"https:\/\/www.toulouse-biotechnology-institute.fr\/en\/wp-json\/wp\/v2\/pages\/5505\/revisions\/10987"}],"wp:attachment":[{"href":"https:\/\/www.toulouse-biotechnology-institute.fr\/en\/wp-json\/wp\/v2\/media?parent=5505"}],"curies":[{"name":"wp","href":"https:\/\/api.w.org\/{rel}","templated":true}]}}