{"id":13973,"date":"2023-12-07T16:33:25","date_gmt":"2023-12-07T15:33:25","guid":{"rendered":"https:\/\/www.toulouse-biotechnology-institute.fr\/?page_id=13973"},"modified":"2023-12-07T16:36:02","modified_gmt":"2023-12-07T15:36:02","slug":"bioplast","status":"publish","type":"page","link":"https:\/\/www.toulouse-biotechnology-institute.fr\/en\/projets\/bioplast\/","title":{"rendered":"BIOPLAST"},"content":{"rendered":"<div data-elementor-type=\"wp-page\" data-elementor-id=\"13973\" class=\"elementor elementor-13973\" data-elementor-post-type=\"page\">\n\t\t\t\t\t\t<section class=\"elementor-section elementor-top-section elementor-element elementor-element-7c975585 elementor-section-height-min-height elementor-section-boxed elementor-section-height-default elementor-section-items-middle\" data-id=\"7c975585\" data-element_type=\"section\" data-e-type=\"section\" data-settings=\"{&quot;background_background&quot;:&quot;gradient&quot;,&quot;shape_divider_bottom&quot;:&quot;waves&quot;}\">\n\t\t\t\t\t\t\t<div class=\"elementor-background-overlay\"><\/div>\n\t\t\t\t\t\t<div class=\"elementor-shape elementor-shape-bottom\" aria-hidden=\"true\" data-negative=\"false\">\n\t\t\t<svg xmlns=\"http:\/\/www.w3.org\/2000\/svg\" viewbox=\"0 0 1000 100\" preserveaspectratio=\"none\">\n\t<path class=\"elementor-shape-fill\" d=\"M421.9,6.5c22.6-2.5,51.5,0.4,75.5,5.3c23.6,4.9,70.9,23.5,100.5,35.7c75.8,32.2,133.7,44.5,192.6,49.7\tc23.6,2.1,48.7,3.5,103.4-2.5c54.7-6,106.2-25.6,106.2-25.6V0H0v30.3c0,0,72,32.6,158.4,30.5c39.2-0.7,92.8-6.7,134-22.4\tc21.2-8.1,52.2-18.2,79.7-24.2C399.3,7.9,411.6,7.5,421.9,6.5z\"\/>\n<\/svg>\t\t<\/div>\n\t\t\t\t\t<div class=\"elementor-container elementor-column-gap-default\">\n\t\t\t\t\t<div class=\"elementor-column elementor-col-100 elementor-top-column elementor-element elementor-element-b11ad38\" data-id=\"b11ad38\" data-element_type=\"column\" data-e-type=\"column\">\n\t\t\t<div class=\"elementor-widget-wrap elementor-element-populated\">\n\t\t\t\t\t\t<div class=\"elementor-element elementor-element-63cc1887 elementor-widget elementor-widget-heading\" data-id=\"63cc1887\" data-element_type=\"widget\" data-e-type=\"widget\" data-widget_type=\"heading.default\">\n\t\t\t\t<div class=\"elementor-widget-container\">\n\t\t\t\t\t<h1 class=\"elementor-heading-title elementor-size-default\">BIOPLAST<\/h1>\t\t\t\t<\/div>\n\t\t\t\t<\/div>\n\t\t\t\t\t<\/div>\n\t\t<\/div>\n\t\t\t\t\t<\/div>\n\t\t<\/section>\n\t\t\t\t<section class=\"elementor-section elementor-top-section elementor-element elementor-element-12575fa elementor-section-content-middle elementor-section-boxed elementor-section-height-default elementor-section-height-default\" data-id=\"12575fa\" data-element_type=\"section\" data-e-type=\"section\">\n\t\t\t\t\t\t<div class=\"elementor-container elementor-column-gap-default\">\n\t\t\t\t\t<div class=\"elementor-column elementor-col-100 elementor-top-column elementor-element elementor-element-9838bad\" data-id=\"9838bad\" data-element_type=\"column\" data-e-type=\"column\">\n\t\t\t<div class=\"elementor-widget-wrap elementor-element-populated\">\n\t\t\t\t\t\t<section class=\"elementor-section elementor-inner-section elementor-element elementor-element-0ed501b elementor-section-boxed elementor-section-height-default elementor-section-height-default\" data-id=\"0ed501b\" data-element_type=\"section\" data-e-type=\"section\">\n\t\t\t\t\t\t<div class=\"elementor-container elementor-column-gap-default\">\n\t\t\t\t\t<div class=\"elementor-column elementor-col-50 elementor-inner-column elementor-element elementor-element-8872d19\" data-id=\"8872d19\" data-element_type=\"column\" data-e-type=\"column\">\n\t\t\t<div class=\"elementor-widget-wrap elementor-element-populated\">\n\t\t\t\t\t\t<div class=\"elementor-element elementor-element-50abd92 elementor-widget elementor-widget-text-editor\" data-id=\"50abd92\" data-element_type=\"widget\" data-e-type=\"widget\" data-widget_type=\"text-editor.default\">\n\t\t\t\t<div class=\"elementor-widget-container\">\n\t\t\t\t\t\t\t\t\t<p>BIOPLAST est un <strong>projet de R&amp;D qui a d\u00e9marr\u00e9 en janvier 2018 et va durer jusqu\u2019\u00e0 d\u00e9cembre 2020, avec un budget de 1,4 million d\u2019euros,<\/strong> cofinanc\u00e9 \u00e0 hauteur de 65% par le Fonds Europ\u00e9en de D\u00e9veloppement \u00c9conomique R\u00e9gional (FEDER) par le biais du Programme Interreg V-A Espagne-France-Andorre (POCTEFA 2014-2020).<\/p>\t\t\t\t\t\t\t\t<\/div>\n\t\t\t\t<\/div>\n\t\t\t\t<div class=\"elementor-element elementor-element-e17a7bc elementor-widget elementor-widget-button\" data-id=\"e17a7bc\" data-element_type=\"widget\" data-e-type=\"widget\" data-widget_type=\"button.default\">\n\t\t\t\t<div class=\"elementor-widget-container\">\n\t\t\t\t\t\t\t\t\t<div class=\"elementor-button-wrapper\">\n\t\t\t\t\t<a class=\"elementor-button elementor-button-link elementor-size-sm\" href=\"https:\/\/www.bioplast-poctefa.eu\/10-partenaires\/106-institut-national-de-recherche-pour-l-agriculture-l-alimentation-et-l-environnement.html\" target=\"_blank\">\n\t\t\t\t\t\t<span class=\"elementor-button-content-wrapper\">\n\t\t\t\t\t\t\t\t\t<span class=\"elementor-button-text\">Read more<\/span>\n\t\t\t\t\t<\/span>\n\t\t\t\t\t<\/a>\n\t\t\t\t<\/div>\n\t\t\t\t\t\t\t\t<\/div>\n\t\t\t\t<\/div>\n\t\t\t\t\t<\/div>\n\t\t<\/div>\n\t\t\t\t<div class=\"elementor-column elementor-col-50 elementor-inner-column elementor-element elementor-element-0e8d7d1\" data-id=\"0e8d7d1\" data-element_type=\"column\" data-e-type=\"column\">\n\t\t\t<div class=\"elementor-widget-wrap elementor-element-populated\">\n\t\t\t\t\t\t<div class=\"elementor-element elementor-element-4181f95 elementor-widget elementor-widget-image\" data-id=\"4181f95\" data-element_type=\"widget\" data-e-type=\"widget\" data-widget_type=\"image.default\">\n\t\t\t\t<div class=\"elementor-widget-container\">\n\t\t\t\t\t\t\t\t\t\t\t\t\t\t\t<img fetchpriority=\"high\" decoding=\"async\" width=\"700\" height=\"251\" src=\"https:\/\/www.toulouse-biotechnology-institute.fr\/wp-content\/uploads\/2023\/12\/bioplast_251x700.png\" class=\"attachment-large size-large wp-image-13975\" alt=\"\" srcset=\"https:\/\/www.toulouse-biotechnology-institute.fr\/wp-content\/uploads\/2023\/12\/bioplast_251x700.png 700w, https:\/\/www.toulouse-biotechnology-institute.fr\/wp-content\/uploads\/2023\/12\/bioplast_251x700-18x6.png 18w\" sizes=\"(max-width: 700px) 100vw, 700px\" \/>\t\t\t\t\t\t\t\t\t\t\t\t\t\t\t<\/div>\n\t\t\t\t<\/div>\n\t\t\t\t\t<\/div>\n\t\t<\/div>\n\t\t\t\t\t<\/div>\n\t\t<\/section>\n\t\t\t\t\t<\/div>\n\t\t<\/div>\n\t\t\t\t\t<\/div>\n\t\t<\/section>\n\t\t\t\t<\/div>","protected":false},"excerpt":{"rendered":"<p>BIOPLAST BIOPLAST est un projet de R&amp;D qui a d\u00e9marr\u00e9 en janvier 2018 et va durer jusqu\u2019\u00e0 d\u00e9cembre 2020, avec un budget de 1,4 million d\u2019euros, cofinanc\u00e9 \u00e0 hauteur de 65% par le Fonds Europ\u00e9en de D\u00e9veloppement \u00c9conomique R\u00e9gional (FEDER) par le biais du Programme Interreg V-A Espagne-France-Andorre (POCTEFA 2014-2020). En savoir plus<\/p>","protected":false},"author":1,"featured_media":0,"parent":13372,"menu_order":0,"comment_status":"closed","ping_status":"closed","template":"","meta":{"footnotes":""},"class_list":["post-13973","page","type-page","status-publish","hentry"],"yoast_head":"<!-- This site is optimized with the Yoast SEO plugin v27.3 - https:\/\/yoast.com\/product\/yoast-seo-wordpress\/ -->\n<title>BIOPLAST | TBI, Toulouse Biotechnology Institute<\/title>\n<meta name=\"description\" content=\"BIOPLAST est un projet de R&amp;D qui a d\u00e9marr\u00e9 en janvier 2018 et va durer jusqu\u2019\u00e0 fin d\u00e9cembre 2020, avec un budget de 1,4 million d\u2019euros, cofinanc\u00e9 \u00e0 hauteur de 65% par le Fonds Europ\u00e9en de D\u00e9veloppement \u00c9conomique R\u00e9gional (FEDER) par le biais du Programme Interreg V-A Espagne-France-Andorre (POCTEFA 2014-2020).\" \/>\n<meta name=\"robots\" content=\"index, follow, max-snippet:-1, max-image-preview:large, max-video-preview:-1\" \/>\n<link rel=\"canonical\" href=\"https:\/\/www.toulouse-biotechnology-institute.fr\/en\/projets\/bioplast\/\" \/>\n<meta property=\"og:locale\" content=\"en_GB\" \/>\n<meta property=\"og:type\" content=\"article\" \/>\n<meta property=\"og:title\" content=\"BIOPLAST | TBI, Toulouse Biotechnology Institute\" \/>\n<meta property=\"og:description\" content=\"BIOPLAST est un projet de R&amp;D qui a d\u00e9marr\u00e9 en janvier 2018 et va durer jusqu\u2019\u00e0 fin d\u00e9cembre 2020, avec un budget de 1,4 million d\u2019euros, cofinanc\u00e9 \u00e0 hauteur de 65% par le Fonds Europ\u00e9en de D\u00e9veloppement \u00c9conomique R\u00e9gional (FEDER) par le biais du Programme Interreg V-A Espagne-France-Andorre (POCTEFA 2014-2020).\" \/>\n<meta property=\"og:url\" content=\"https:\/\/www.toulouse-biotechnology-institute.fr\/en\/projets\/bioplast\/\" \/>\n<meta property=\"og:site_name\" content=\"TBI, Toulouse Biotechnology Institute\" \/>\n<meta property=\"article:publisher\" content=\"https:\/\/www.facebook.com\/TBI-Toulouse-Biotechnology-Institute-Bio-Chemical-Engineering-360428497952306\" \/>\n<meta property=\"article:modified_time\" content=\"2023-12-07T15:36:02+00:00\" \/>\n<meta property=\"og:image\" content=\"https:\/\/www.toulouse-biotechnology-institute.fr\/wp-content\/uploads\/2023\/12\/bioplast_251x700.png\" \/>\n<meta name=\"twitter:card\" content=\"summary_large_image\" \/>\n<meta name=\"twitter:site\" content=\"@TBI_Biotech\" \/>\n<meta name=\"twitter:label1\" content=\"Estimated reading time\" \/>\n\t<meta name=\"twitter:data1\" content=\"1 minute\" \/>\n<script type=\"application\/ld+json\" class=\"yoast-schema-graph\">{\"@context\":\"https:\\\/\\\/schema.org\",\"@graph\":[{\"@type\":\"WebPage\",\"@id\":\"https:\\\/\\\/www.toulouse-biotechnology-institute.fr\\\/projets\\\/bioplast\\\/\",\"url\":\"https:\\\/\\\/www.toulouse-biotechnology-institute.fr\\\/projets\\\/bioplast\\\/\",\"name\":\"BIOPLAST | TBI, Toulouse Biotechnology Institute\",\"isPartOf\":{\"@id\":\"https:\\\/\\\/www.toulouse-biotechnology-institute.fr\\\/#website\"},\"primaryImageOfPage\":{\"@id\":\"https:\\\/\\\/www.toulouse-biotechnology-institute.fr\\\/projets\\\/bioplast\\\/#primaryimage\"},\"image\":{\"@id\":\"https:\\\/\\\/www.toulouse-biotechnology-institute.fr\\\/projets\\\/bioplast\\\/#primaryimage\"},\"thumbnailUrl\":\"https:\\\/\\\/www.toulouse-biotechnology-institute.fr\\\/wp-content\\\/uploads\\\/2023\\\/12\\\/bioplast_251x700.png\",\"datePublished\":\"2023-12-07T15:33:25+00:00\",\"dateModified\":\"2023-12-07T15:36:02+00:00\",\"description\":\"BIOPLAST est un projet de R&D qui a d\u00e9marr\u00e9 en janvier 2018 et va durer jusqu\u2019\u00e0 fin d\u00e9cembre 2020, avec un budget de 1,4 million d\u2019euros, cofinanc\u00e9 \u00e0 hauteur de 65% par le Fonds Europ\u00e9en de D\u00e9veloppement \u00c9conomique R\u00e9gional (FEDER) par le biais du Programme Interreg V-A Espagne-France-Andorre (POCTEFA 2014-2020).\",\"breadcrumb\":{\"@id\":\"https:\\\/\\\/www.toulouse-biotechnology-institute.fr\\\/projets\\\/bioplast\\\/#breadcrumb\"},\"inLanguage\":\"en-GB\",\"potentialAction\":[{\"@type\":\"ReadAction\",\"target\":[\"https:\\\/\\\/www.toulouse-biotechnology-institute.fr\\\/projets\\\/bioplast\\\/\"]}]},{\"@type\":\"ImageObject\",\"inLanguage\":\"en-GB\",\"@id\":\"https:\\\/\\\/www.toulouse-biotechnology-institute.fr\\\/projets\\\/bioplast\\\/#primaryimage\",\"url\":\"https:\\\/\\\/www.toulouse-biotechnology-institute.fr\\\/wp-content\\\/uploads\\\/2023\\\/12\\\/bioplast_251x700.png\",\"contentUrl\":\"https:\\\/\\\/www.toulouse-biotechnology-institute.fr\\\/wp-content\\\/uploads\\\/2023\\\/12\\\/bioplast_251x700.png\"},{\"@type\":\"BreadcrumbList\",\"@id\":\"https:\\\/\\\/www.toulouse-biotechnology-institute.fr\\\/projets\\\/bioplast\\\/#breadcrumb\",\"itemListElement\":[{\"@type\":\"ListItem\",\"position\":1,\"name\":\"Accueil\",\"item\":\"https:\\\/\\\/www.toulouse-biotechnology-institute.fr\\\/\"},{\"@type\":\"ListItem\",\"position\":2,\"name\":\"Les projets\",\"item\":\"https:\\\/\\\/www.toulouse-biotechnology-institute.fr\\\/projets\\\/\"},{\"@type\":\"ListItem\",\"position\":3,\"name\":\"BIOPLAST\"}]},{\"@type\":\"WebSite\",\"@id\":\"https:\\\/\\\/www.toulouse-biotechnology-institute.fr\\\/#website\",\"url\":\"https:\\\/\\\/www.toulouse-biotechnology-institute.fr\\\/\",\"name\":\"TBI, Toulouse Biotechnology Institute\",\"description\":\"Bio &amp; Chemical Engineering\",\"publisher\":{\"@id\":\"https:\\\/\\\/www.toulouse-biotechnology-institute.fr\\\/#organization\"},\"alternateName\":\"TBI, Toulouse Biotechnology Institute\",\"potentialAction\":[{\"@type\":\"SearchAction\",\"target\":{\"@type\":\"EntryPoint\",\"urlTemplate\":\"https:\\\/\\\/www.toulouse-biotechnology-institute.fr\\\/?s={search_term_string}\"},\"query-input\":{\"@type\":\"PropertyValueSpecification\",\"valueRequired\":true,\"valueName\":\"search_term_string\"}}],\"inLanguage\":\"en-GB\"},{\"@type\":\"Organization\",\"@id\":\"https:\\\/\\\/www.toulouse-biotechnology-institute.fr\\\/#organization\",\"name\":\"TBI - Toulouse Biotechnology Institute\",\"url\":\"https:\\\/\\\/www.toulouse-biotechnology-institute.fr\\\/\",\"logo\":{\"@type\":\"ImageObject\",\"inLanguage\":\"en-GB\",\"@id\":\"https:\\\/\\\/www.toulouse-biotechnology-institute.fr\\\/#\\\/schema\\\/logo\\\/image\\\/\",\"url\":\"https:\\\/\\\/i0.wp.com\\\/www.toulouse-biotechnology-institute.fr\\\/wp-content\\\/uploads\\\/2021\\\/11\\\/100LOGO-TBITransp-BD.png?fit=100%2C56&ssl=1\",\"contentUrl\":\"https:\\\/\\\/i0.wp.com\\\/www.toulouse-biotechnology-institute.fr\\\/wp-content\\\/uploads\\\/2021\\\/11\\\/100LOGO-TBITransp-BD.png?fit=100%2C56&ssl=1\",\"width\":100,\"height\":56,\"caption\":\"TBI - Toulouse Biotechnology Institute\"},\"image\":{\"@id\":\"https:\\\/\\\/www.toulouse-biotechnology-institute.fr\\\/#\\\/schema\\\/logo\\\/image\\\/\"},\"sameAs\":[\"https:\\\/\\\/www.facebook.com\\\/TBI-Toulouse-Biotechnology-Institute-Bio-Chemical-Engineering-360428497952306\",\"https:\\\/\\\/x.com\\\/TBI_Biotech\"]}]}<\/script>\n<!-- \/ Yoast SEO plugin. -->","yoast_head_json":{"title":"BIOPLAST | TBI, Toulouse Biotechnology Institute","description":"BIOPLAST est un projet de R&D qui a d\u00e9marr\u00e9 en janvier 2018 et va durer jusqu\u2019\u00e0 fin d\u00e9cembre 2020, avec un budget de 1,4 million d\u2019euros, cofinanc\u00e9 \u00e0 hauteur de 65% par le Fonds Europ\u00e9en de D\u00e9veloppement \u00c9conomique R\u00e9gional (FEDER) par le biais du Programme Interreg V-A Espagne-France-Andorre (POCTEFA 2014-2020).","robots":{"index":"index","follow":"follow","max-snippet":"max-snippet:-1","max-image-preview":"max-image-preview:large","max-video-preview":"max-video-preview:-1"},"canonical":"https:\/\/www.toulouse-biotechnology-institute.fr\/en\/projets\/bioplast\/","og_locale":"en_GB","og_type":"article","og_title":"BIOPLAST | TBI, Toulouse Biotechnology Institute","og_description":"BIOPLAST est un projet de R&D qui a d\u00e9marr\u00e9 en janvier 2018 et va durer jusqu\u2019\u00e0 fin d\u00e9cembre 2020, avec un budget de 1,4 million d\u2019euros, cofinanc\u00e9 \u00e0 hauteur de 65% par le Fonds Europ\u00e9en de D\u00e9veloppement \u00c9conomique R\u00e9gional (FEDER) par le biais du Programme Interreg V-A Espagne-France-Andorre (POCTEFA 2014-2020).","og_url":"https:\/\/www.toulouse-biotechnology-institute.fr\/en\/projets\/bioplast\/","og_site_name":"TBI, Toulouse Biotechnology Institute","article_publisher":"https:\/\/www.facebook.com\/TBI-Toulouse-Biotechnology-Institute-Bio-Chemical-Engineering-360428497952306","article_modified_time":"2023-12-07T15:36:02+00:00","og_image":[{"url":"https:\/\/www.toulouse-biotechnology-institute.fr\/wp-content\/uploads\/2023\/12\/bioplast_251x700.png","type":"","width":"","height":""}],"twitter_card":"summary_large_image","twitter_site":"@TBI_Biotech","twitter_misc":{"Estimated reading time":"1 minute"},"schema":{"@context":"https:\/\/schema.org","@graph":[{"@type":"WebPage","@id":"https:\/\/www.toulouse-biotechnology-institute.fr\/projets\/bioplast\/","url":"https:\/\/www.toulouse-biotechnology-institute.fr\/projets\/bioplast\/","name":"BIOPLAST | TBI, Toulouse Biotechnology Institute","isPartOf":{"@id":"https:\/\/www.toulouse-biotechnology-institute.fr\/#website"},"primaryImageOfPage":{"@id":"https:\/\/www.toulouse-biotechnology-institute.fr\/projets\/bioplast\/#primaryimage"},"image":{"@id":"https:\/\/www.toulouse-biotechnology-institute.fr\/projets\/bioplast\/#primaryimage"},"thumbnailUrl":"https:\/\/www.toulouse-biotechnology-institute.fr\/wp-content\/uploads\/2023\/12\/bioplast_251x700.png","datePublished":"2023-12-07T15:33:25+00:00","dateModified":"2023-12-07T15:36:02+00:00","description":"BIOPLAST est un projet de R&D qui a d\u00e9marr\u00e9 en janvier 2018 et va durer jusqu\u2019\u00e0 fin d\u00e9cembre 2020, avec un budget de 1,4 million d\u2019euros, cofinanc\u00e9 \u00e0 hauteur de 65% par le Fonds Europ\u00e9en de D\u00e9veloppement \u00c9conomique R\u00e9gional (FEDER) par le biais du Programme Interreg V-A Espagne-France-Andorre (POCTEFA 2014-2020).","breadcrumb":{"@id":"https:\/\/www.toulouse-biotechnology-institute.fr\/projets\/bioplast\/#breadcrumb"},"inLanguage":"en-GB","potentialAction":[{"@type":"ReadAction","target":["https:\/\/www.toulouse-biotechnology-institute.fr\/projets\/bioplast\/"]}]},{"@type":"ImageObject","inLanguage":"en-GB","@id":"https:\/\/www.toulouse-biotechnology-institute.fr\/projets\/bioplast\/#primaryimage","url":"https:\/\/www.toulouse-biotechnology-institute.fr\/wp-content\/uploads\/2023\/12\/bioplast_251x700.png","contentUrl":"https:\/\/www.toulouse-biotechnology-institute.fr\/wp-content\/uploads\/2023\/12\/bioplast_251x700.png"},{"@type":"BreadcrumbList","@id":"https:\/\/www.toulouse-biotechnology-institute.fr\/projets\/bioplast\/#breadcrumb","itemListElement":[{"@type":"ListItem","position":1,"name":"Accueil","item":"https:\/\/www.toulouse-biotechnology-institute.fr\/"},{"@type":"ListItem","position":2,"name":"Les projets","item":"https:\/\/www.toulouse-biotechnology-institute.fr\/projets\/"},{"@type":"ListItem","position":3,"name":"BIOPLAST"}]},{"@type":"WebSite","@id":"https:\/\/www.toulouse-biotechnology-institute.fr\/#website","url":"https:\/\/www.toulouse-biotechnology-institute.fr\/","name":"TBI, Toulouse Biotechnology Institute","description":"Bio &amp; Chemical Engineering","publisher":{"@id":"https:\/\/www.toulouse-biotechnology-institute.fr\/#organization"},"alternateName":"TBI, Toulouse Biotechnology Institute","potentialAction":[{"@type":"SearchAction","target":{"@type":"EntryPoint","urlTemplate":"https:\/\/www.toulouse-biotechnology-institute.fr\/?s={search_term_string}"},"query-input":{"@type":"PropertyValueSpecification","valueRequired":true,"valueName":"search_term_string"}}],"inLanguage":"en-GB"},{"@type":"Organization","@id":"https:\/\/www.toulouse-biotechnology-institute.fr\/#organization","name":"TBI - Toulouse Biotechnology Institute","url":"https:\/\/www.toulouse-biotechnology-institute.fr\/","logo":{"@type":"ImageObject","inLanguage":"en-GB","@id":"https:\/\/www.toulouse-biotechnology-institute.fr\/#\/schema\/logo\/image\/","url":"https:\/\/i0.wp.com\/www.toulouse-biotechnology-institute.fr\/wp-content\/uploads\/2021\/11\/100LOGO-TBITransp-BD.png?fit=100%2C56&ssl=1","contentUrl":"https:\/\/i0.wp.com\/www.toulouse-biotechnology-institute.fr\/wp-content\/uploads\/2021\/11\/100LOGO-TBITransp-BD.png?fit=100%2C56&ssl=1","width":100,"height":56,"caption":"TBI - Toulouse Biotechnology Institute"},"image":{"@id":"https:\/\/www.toulouse-biotechnology-institute.fr\/#\/schema\/logo\/image\/"},"sameAs":["https:\/\/www.facebook.com\/TBI-Toulouse-Biotechnology-Institute-Bio-Chemical-Engineering-360428497952306","https:\/\/x.com\/TBI_Biotech"]}]}},"_links":{"self":[{"href":"https:\/\/www.toulouse-biotechnology-institute.fr\/en\/wp-json\/wp\/v2\/pages\/13973","targetHints":{"allow":["GET"]}}],"collection":[{"href":"https:\/\/www.toulouse-biotechnology-institute.fr\/en\/wp-json\/wp\/v2\/pages"}],"about":[{"href":"https:\/\/www.toulouse-biotechnology-institute.fr\/en\/wp-json\/wp\/v2\/types\/page"}],"author":[{"embeddable":true,"href":"https:\/\/www.toulouse-biotechnology-institute.fr\/en\/wp-json\/wp\/v2\/users\/1"}],"replies":[{"embeddable":true,"href":"https:\/\/www.toulouse-biotechnology-institute.fr\/en\/wp-json\/wp\/v2\/comments?post=13973"}],"version-history":[{"count":7,"href":"https:\/\/www.toulouse-biotechnology-institute.fr\/en\/wp-json\/wp\/v2\/pages\/13973\/revisions"}],"predecessor-version":[{"id":13981,"href":"https:\/\/www.toulouse-biotechnology-institute.fr\/en\/wp-json\/wp\/v2\/pages\/13973\/revisions\/13981"}],"up":[{"embeddable":true,"href":"https:\/\/www.toulouse-biotechnology-institute.fr\/en\/wp-json\/wp\/v2\/pages\/13372"}],"wp:attachment":[{"href":"https:\/\/www.toulouse-biotechnology-institute.fr\/en\/wp-json\/wp\/v2\/media?parent=13973"}],"curies":[{"name":"wp","href":"https:\/\/api.w.org\/{rel}","templated":true}]}}