{"id":12177,"date":"2023-04-25T17:30:26","date_gmt":"2023-04-25T15:30:26","guid":{"rendered":"https:\/\/www.toulouse-biotechnology-institute.fr\/?page_id=12177"},"modified":"2023-04-25T17:32:03","modified_gmt":"2023-04-25T15:32:03","slug":"mention-dinformation-newsletter","status":"publish","type":"page","link":"https:\/\/www.toulouse-biotechnology-institute.fr\/en\/mention-dinformation-newsletter\/","title":{"rendered":"Mention d\u2019information &#8211; Newsletter"},"content":{"rendered":"<div data-elementor-type=\"wp-page\" data-elementor-id=\"12177\" class=\"elementor elementor-12177\" data-elementor-post-type=\"page\">\n\t\t\t\t\t\t<section class=\"elementor-section elementor-top-section elementor-element elementor-element-23906158 elementor-section-height-min-height elementor-section-boxed elementor-section-height-default elementor-section-items-middle\" data-id=\"23906158\" data-element_type=\"section\" data-e-type=\"section\" data-settings=\"{&quot;background_background&quot;:&quot;gradient&quot;,&quot;shape_divider_bottom&quot;:&quot;waves&quot;}\">\n\t\t\t\t\t\t\t<div class=\"elementor-background-overlay\"><\/div>\n\t\t\t\t\t\t<div class=\"elementor-shape elementor-shape-bottom\" aria-hidden=\"true\" data-negative=\"false\">\n\t\t\t<svg xmlns=\"http:\/\/www.w3.org\/2000\/svg\" viewbox=\"0 0 1000 100\" preserveaspectratio=\"none\">\n\t<path class=\"elementor-shape-fill\" d=\"M421.9,6.5c22.6-2.5,51.5,0.4,75.5,5.3c23.6,4.9,70.9,23.5,100.5,35.7c75.8,32.2,133.7,44.5,192.6,49.7\tc23.6,2.1,48.7,3.5,103.4-2.5c54.7-6,106.2-25.6,106.2-25.6V0H0v30.3c0,0,72,32.6,158.4,30.5c39.2-0.7,92.8-6.7,134-22.4\tc21.2-8.1,52.2-18.2,79.7-24.2C399.3,7.9,411.6,7.5,421.9,6.5z\"\/>\n<\/svg>\t\t<\/div>\n\t\t\t\t\t<div class=\"elementor-container elementor-column-gap-default\">\n\t\t\t\t\t<div class=\"elementor-column elementor-col-100 elementor-top-column elementor-element elementor-element-2a152fb\" data-id=\"2a152fb\" data-element_type=\"column\" data-e-type=\"column\">\n\t\t\t<div class=\"elementor-widget-wrap elementor-element-populated\">\n\t\t\t\t\t\t<div class=\"elementor-element elementor-element-4dbdba54 elementor-widget elementor-widget-heading\" data-id=\"4dbdba54\" data-element_type=\"widget\" data-e-type=\"widget\" data-widget_type=\"heading.default\">\n\t\t\t\t<div class=\"elementor-widget-container\">\n\t\t\t\t\t<h1 class=\"elementor-heading-title elementor-size-default\">Mention d\u2019information \u2013 Newsletter<\/h1>\t\t\t\t<\/div>\n\t\t\t\t<\/div>\n\t\t\t\t\t<\/div>\n\t\t<\/div>\n\t\t\t\t\t<\/div>\n\t\t<\/section>\n\t\t\t\t<section class=\"elementor-section elementor-top-section elementor-element elementor-element-2c38d5b1 elementor-section-boxed elementor-section-height-default elementor-section-height-default\" data-id=\"2c38d5b1\" data-element_type=\"section\" data-e-type=\"section\">\n\t\t\t\t\t\t<div class=\"elementor-container elementor-column-gap-default\">\n\t\t\t\t\t<div class=\"elementor-column elementor-col-100 elementor-top-column elementor-element elementor-element-6ceffaeb\" data-id=\"6ceffaeb\" data-element_type=\"column\" data-e-type=\"column\">\n\t\t\t<div class=\"elementor-widget-wrap elementor-element-populated\">\n\t\t\t\t\t\t<div class=\"elementor-element elementor-element-42e277ce elementor-widget elementor-widget-text-editor\" data-id=\"42e277ce\" data-element_type=\"widget\" data-e-type=\"widget\" data-widget_type=\"text-editor.default\">\n\t\t\t\t<div class=\"elementor-widget-container\">\n\t\t\t\t\t\t\t\t\t\n<p>Les informations recueillies vous concernant vont faire l\u2019objet d\u2019un traitement par TBI, Toulouse Biotechnology Institute &#8211; UMR 5504.<\/p>\n\n\n\n<p>Le\/la D\u00e9l\u00e9gu\u00e9\/e \u00e0 la Protection des Donn\u00e9es du CNRS peut \u00eatre contact\u00e9\/e pour toute question sur la protection des donn\u00e9es personnelles.<\/p>\n\n\n\n<p>Ses coordonn\u00e9es sont les suivantes : CNRS Service protection des donn\u00e9es, 2 rue Jean Zay, 54519 Vandoeuvre-l\u00e8s-Nancy ; mail : dpd.demandes@cnrs.fr.<\/p>\n\n\n\n<p>Les donn\u00e9es \u00e0 caract\u00e8re personnel sont collect\u00e9es et trait\u00e9es pour la gestion des listes de diffusion. La base l\u00e9gale du traitement est l\u2019int\u00e9r\u00eat l\u00e9gitime poursuivi par le responsable de traitement (cf. article 6.1.f du R\u00e8glement europ\u00e9en sur la protection des donn\u00e9es).<\/p>\n\n\n\n<p>En fonction de leurs besoins respectifs, sont destinataires des donn\u00e9es : Le service Communication de TBI, Toulouse Biotechnology Institute &#8211; UMR 5504.<\/p>\n\n\n\n<p>Aucun transfert de donn\u00e9es hors de l&#8217;Union europ\u00e9enne n&#8217;est r\u00e9alis\u00e9.<\/p>\n\n\n\n<p>Vos donn\u00e9es \u00e0 caract\u00e8re personnel seront conserv\u00e9es pendant toute la dur\u00e9e du traitement. En cas de demande de d\u00e9sabonnement, les donn\u00e9es seront supprim\u00e9es d\u00e8s r\u00e9ception de la demande de la personne concern\u00e9e.<\/p>\n\n\n\n<p>Vous disposez des droits suivants pour l\u2019utilisation qui est faite de vos donn\u00e9es :<\/p>\n\n\n\n<p>&#8211; le droit d\u2019opposition : vous pouvez \u00e0 tout moment vous opposer au traitement de vos donn\u00e9es et disposez du droit de retirer votre consentement<\/p>\n\n\n\n<p>&#8211; le droit d\u2019acc\u00e8s et de rectification de vos donn\u00e9es<\/p>\n\n\n\n<p>&#8211; le droit d\u2019effacement &#8211; le droit \u00e0 une utilisation restreinte lorsque vos donn\u00e9es ne sont pas n\u00e9cessaires ou ne sont plus utiles<\/p>\n\n\n\n<p>&#8211; le droit \u00e0 la portabilit\u00e9 : communiquer vos donn\u00e9es \u00e0 la personne de votre choix.<\/p>\n\n\n\n<p>Vous pouvez exercer ces droits en vous adressant \u00e0 Service communication de TBI &#8211; com-tbi@insa-toulouse.fr.<\/p>\n\n\n\n<p>Vous pouvez contacter \u00e9galement votre DPD \u00e0 l\u2019adresse suivante : DPD \u2013 2 rue Jean Zay \u2013 54519 \u2013<\/p>\n\n\n\n<p>Vandoeuvre l\u00e8s Nancy Cedex &#8211; dpd.demandes@cnrs.fr.<\/p>\n\n\n\n<p>Si vous estimez, apr\u00e8s nous avoir contact\u00e9s, que vos droits Informatique et Libert\u00e9s ne sont pas respect\u00e9s, vous avez la possibilit\u00e9 d\u2019introduire une r\u00e9clamation en ligne aupr\u00e8s de la CNIL ou par courrier postal.<\/p>\n\t\t\t\t\t\t\t\t<\/div>\n\t\t\t\t<\/div>\n\t\t\t\t\t<\/div>\n\t\t<\/div>\n\t\t\t\t\t<\/div>\n\t\t<\/section>\n\t\t\t\t<\/div>","protected":false},"excerpt":{"rendered":"<p>Mention d\u2019information \u2013 Newsletter Les informations recueillies vous concernant vont faire l\u2019objet d\u2019un traitement par TBI, Toulouse Biotechnology Institute &#8211; UMR 5504. Le\/la D\u00e9l\u00e9gu\u00e9\/e \u00e0 la Protection des Donn\u00e9es du CNRS peut \u00eatre contact\u00e9\/e pour toute question sur la protection des donn\u00e9es personnelles. Ses coordonn\u00e9es sont les suivantes : CNRS Service protection des donn\u00e9es, 2 [&hellip;]<\/p>\n","protected":false},"author":1,"featured_media":0,"parent":0,"menu_order":0,"comment_status":"closed","ping_status":"closed","template":"","meta":{"footnotes":""},"class_list":["post-12177","page","type-page","status-publish","hentry"],"yoast_head":"<!-- This site is optimized with the Yoast SEO plugin v27.3 - https:\/\/yoast.com\/product\/yoast-seo-wordpress\/ -->\n<title>Mention d\u2019information - Newsletter | TBI, Toulouse Biotechnology Institute<\/title>\n<meta name=\"robots\" content=\"index, follow, max-snippet:-1, max-image-preview:large, max-video-preview:-1\" \/>\n<link rel=\"canonical\" href=\"https:\/\/www.toulouse-biotechnology-institute.fr\/en\/mention-dinformation-newsletter\/\" \/>\n<meta property=\"og:locale\" content=\"en_GB\" \/>\n<meta property=\"og:type\" content=\"article\" \/>\n<meta property=\"og:title\" content=\"Mention d\u2019information - Newsletter | TBI, Toulouse Biotechnology Institute\" \/>\n<meta property=\"og:description\" content=\"Mention d\u2019information \u2013 Newsletter Les informations recueillies vous concernant vont faire l\u2019objet d\u2019un traitement par TBI, Toulouse Biotechnology Institute &#8211; UMR 5504. Le\/la D\u00e9l\u00e9gu\u00e9\/e \u00e0 la Protection des Donn\u00e9es du CNRS peut \u00eatre contact\u00e9\/e pour toute question sur la protection des donn\u00e9es personnelles. Ses coordonn\u00e9es sont les suivantes : CNRS Service protection des donn\u00e9es, 2 [&hellip;]\" \/>\n<meta property=\"og:url\" content=\"https:\/\/www.toulouse-biotechnology-institute.fr\/en\/mention-dinformation-newsletter\/\" \/>\n<meta property=\"og:site_name\" content=\"TBI, Toulouse Biotechnology Institute\" \/>\n<meta property=\"article:publisher\" content=\"https:\/\/www.facebook.com\/TBI-Toulouse-Biotechnology-Institute-Bio-Chemical-Engineering-360428497952306\" \/>\n<meta property=\"article:modified_time\" content=\"2023-04-25T15:32:03+00:00\" \/>\n<meta property=\"og:image\" content=\"https:\/\/www.toulouse-biotechnology-institute.fr\/wp-content\/uploads\/2021\/10\/cropped-logo-TBITransp-HD-1.png\" \/>\n\t<meta property=\"og:image:width\" content=\"2000\" \/>\n\t<meta property=\"og:image:height\" content=\"1124\" \/>\n\t<meta property=\"og:image:type\" content=\"image\/png\" \/>\n<meta name=\"twitter:card\" content=\"summary_large_image\" \/>\n<meta name=\"twitter:site\" content=\"@TBI_Biotech\" \/>\n<meta name=\"twitter:label1\" content=\"Estimated reading time\" \/>\n\t<meta name=\"twitter:data1\" content=\"2 minutes\" \/>\n<script type=\"application\/ld+json\" class=\"yoast-schema-graph\">{\"@context\":\"https:\\\/\\\/schema.org\",\"@graph\":[{\"@type\":\"WebPage\",\"@id\":\"https:\\\/\\\/www.toulouse-biotechnology-institute.fr\\\/mention-dinformation-newsletter\\\/\",\"url\":\"https:\\\/\\\/www.toulouse-biotechnology-institute.fr\\\/mention-dinformation-newsletter\\\/\",\"name\":\"Mention d\u2019information - Newsletter | TBI, Toulouse Biotechnology Institute\",\"isPartOf\":{\"@id\":\"https:\\\/\\\/www.toulouse-biotechnology-institute.fr\\\/#website\"},\"datePublished\":\"2023-04-25T15:30:26+00:00\",\"dateModified\":\"2023-04-25T15:32:03+00:00\",\"breadcrumb\":{\"@id\":\"https:\\\/\\\/www.toulouse-biotechnology-institute.fr\\\/mention-dinformation-newsletter\\\/#breadcrumb\"},\"inLanguage\":\"en-GB\",\"potentialAction\":[{\"@type\":\"ReadAction\",\"target\":[\"https:\\\/\\\/www.toulouse-biotechnology-institute.fr\\\/mention-dinformation-newsletter\\\/\"]}]},{\"@type\":\"BreadcrumbList\",\"@id\":\"https:\\\/\\\/www.toulouse-biotechnology-institute.fr\\\/mention-dinformation-newsletter\\\/#breadcrumb\",\"itemListElement\":[{\"@type\":\"ListItem\",\"position\":1,\"name\":\"Accueil\",\"item\":\"https:\\\/\\\/www.toulouse-biotechnology-institute.fr\\\/\"},{\"@type\":\"ListItem\",\"position\":2,\"name\":\"Mention d\u2019information &#8211; Newsletter\"}]},{\"@type\":\"WebSite\",\"@id\":\"https:\\\/\\\/www.toulouse-biotechnology-institute.fr\\\/#website\",\"url\":\"https:\\\/\\\/www.toulouse-biotechnology-institute.fr\\\/\",\"name\":\"TBI, Toulouse Biotechnology Institute\",\"description\":\"Bio &amp; Chemical Engineering\",\"publisher\":{\"@id\":\"https:\\\/\\\/www.toulouse-biotechnology-institute.fr\\\/#organization\"},\"alternateName\":\"TBI, Toulouse Biotechnology Institute\",\"potentialAction\":[{\"@type\":\"SearchAction\",\"target\":{\"@type\":\"EntryPoint\",\"urlTemplate\":\"https:\\\/\\\/www.toulouse-biotechnology-institute.fr\\\/?s={search_term_string}\"},\"query-input\":{\"@type\":\"PropertyValueSpecification\",\"valueRequired\":true,\"valueName\":\"search_term_string\"}}],\"inLanguage\":\"en-GB\"},{\"@type\":\"Organization\",\"@id\":\"https:\\\/\\\/www.toulouse-biotechnology-institute.fr\\\/#organization\",\"name\":\"TBI - Toulouse Biotechnology Institute\",\"url\":\"https:\\\/\\\/www.toulouse-biotechnology-institute.fr\\\/\",\"logo\":{\"@type\":\"ImageObject\",\"inLanguage\":\"en-GB\",\"@id\":\"https:\\\/\\\/www.toulouse-biotechnology-institute.fr\\\/#\\\/schema\\\/logo\\\/image\\\/\",\"url\":\"https:\\\/\\\/i0.wp.com\\\/www.toulouse-biotechnology-institute.fr\\\/wp-content\\\/uploads\\\/2021\\\/11\\\/100LOGO-TBITransp-BD.png?fit=100%2C56&ssl=1\",\"contentUrl\":\"https:\\\/\\\/i0.wp.com\\\/www.toulouse-biotechnology-institute.fr\\\/wp-content\\\/uploads\\\/2021\\\/11\\\/100LOGO-TBITransp-BD.png?fit=100%2C56&ssl=1\",\"width\":100,\"height\":56,\"caption\":\"TBI - Toulouse Biotechnology Institute\"},\"image\":{\"@id\":\"https:\\\/\\\/www.toulouse-biotechnology-institute.fr\\\/#\\\/schema\\\/logo\\\/image\\\/\"},\"sameAs\":[\"https:\\\/\\\/www.facebook.com\\\/TBI-Toulouse-Biotechnology-Institute-Bio-Chemical-Engineering-360428497952306\",\"https:\\\/\\\/x.com\\\/TBI_Biotech\"]}]}<\/script>\n<!-- \/ Yoast SEO plugin. -->","yoast_head_json":{"title":"Mention d\u2019information - Newsletter | TBI, Toulouse Biotechnology Institute","robots":{"index":"index","follow":"follow","max-snippet":"max-snippet:-1","max-image-preview":"max-image-preview:large","max-video-preview":"max-video-preview:-1"},"canonical":"https:\/\/www.toulouse-biotechnology-institute.fr\/en\/mention-dinformation-newsletter\/","og_locale":"en_GB","og_type":"article","og_title":"Mention d\u2019information - Newsletter | TBI, Toulouse Biotechnology Institute","og_description":"Mention d\u2019information \u2013 Newsletter Les informations recueillies vous concernant vont faire l\u2019objet d\u2019un traitement par TBI, Toulouse Biotechnology Institute &#8211; UMR 5504. Le\/la D\u00e9l\u00e9gu\u00e9\/e \u00e0 la Protection des Donn\u00e9es du CNRS peut \u00eatre contact\u00e9\/e pour toute question sur la protection des donn\u00e9es personnelles. Ses coordonn\u00e9es sont les suivantes : CNRS Service protection des donn\u00e9es, 2 [&hellip;]","og_url":"https:\/\/www.toulouse-biotechnology-institute.fr\/en\/mention-dinformation-newsletter\/","og_site_name":"TBI, Toulouse Biotechnology Institute","article_publisher":"https:\/\/www.facebook.com\/TBI-Toulouse-Biotechnology-Institute-Bio-Chemical-Engineering-360428497952306","article_modified_time":"2023-04-25T15:32:03+00:00","og_image":[{"width":2000,"height":1124,"url":"https:\/\/www.toulouse-biotechnology-institute.fr\/wp-content\/uploads\/2021\/10\/cropped-logo-TBITransp-HD-1.png","type":"image\/png"}],"twitter_card":"summary_large_image","twitter_site":"@TBI_Biotech","twitter_misc":{"Estimated reading time":"2 minutes"},"schema":{"@context":"https:\/\/schema.org","@graph":[{"@type":"WebPage","@id":"https:\/\/www.toulouse-biotechnology-institute.fr\/mention-dinformation-newsletter\/","url":"https:\/\/www.toulouse-biotechnology-institute.fr\/mention-dinformation-newsletter\/","name":"Mention d\u2019information - Newsletter | TBI, Toulouse Biotechnology Institute","isPartOf":{"@id":"https:\/\/www.toulouse-biotechnology-institute.fr\/#website"},"datePublished":"2023-04-25T15:30:26+00:00","dateModified":"2023-04-25T15:32:03+00:00","breadcrumb":{"@id":"https:\/\/www.toulouse-biotechnology-institute.fr\/mention-dinformation-newsletter\/#breadcrumb"},"inLanguage":"en-GB","potentialAction":[{"@type":"ReadAction","target":["https:\/\/www.toulouse-biotechnology-institute.fr\/mention-dinformation-newsletter\/"]}]},{"@type":"BreadcrumbList","@id":"https:\/\/www.toulouse-biotechnology-institute.fr\/mention-dinformation-newsletter\/#breadcrumb","itemListElement":[{"@type":"ListItem","position":1,"name":"Accueil","item":"https:\/\/www.toulouse-biotechnology-institute.fr\/"},{"@type":"ListItem","position":2,"name":"Mention d\u2019information &#8211; Newsletter"}]},{"@type":"WebSite","@id":"https:\/\/www.toulouse-biotechnology-institute.fr\/#website","url":"https:\/\/www.toulouse-biotechnology-institute.fr\/","name":"TBI, Toulouse Biotechnology Institute","description":"Bio &amp; Chemical Engineering","publisher":{"@id":"https:\/\/www.toulouse-biotechnology-institute.fr\/#organization"},"alternateName":"TBI, Toulouse Biotechnology Institute","potentialAction":[{"@type":"SearchAction","target":{"@type":"EntryPoint","urlTemplate":"https:\/\/www.toulouse-biotechnology-institute.fr\/?s={search_term_string}"},"query-input":{"@type":"PropertyValueSpecification","valueRequired":true,"valueName":"search_term_string"}}],"inLanguage":"en-GB"},{"@type":"Organization","@id":"https:\/\/www.toulouse-biotechnology-institute.fr\/#organization","name":"TBI - Toulouse Biotechnology Institute","url":"https:\/\/www.toulouse-biotechnology-institute.fr\/","logo":{"@type":"ImageObject","inLanguage":"en-GB","@id":"https:\/\/www.toulouse-biotechnology-institute.fr\/#\/schema\/logo\/image\/","url":"https:\/\/i0.wp.com\/www.toulouse-biotechnology-institute.fr\/wp-content\/uploads\/2021\/11\/100LOGO-TBITransp-BD.png?fit=100%2C56&ssl=1","contentUrl":"https:\/\/i0.wp.com\/www.toulouse-biotechnology-institute.fr\/wp-content\/uploads\/2021\/11\/100LOGO-TBITransp-BD.png?fit=100%2C56&ssl=1","width":100,"height":56,"caption":"TBI - Toulouse Biotechnology Institute"},"image":{"@id":"https:\/\/www.toulouse-biotechnology-institute.fr\/#\/schema\/logo\/image\/"},"sameAs":["https:\/\/www.facebook.com\/TBI-Toulouse-Biotechnology-Institute-Bio-Chemical-Engineering-360428497952306","https:\/\/x.com\/TBI_Biotech"]}]}},"_links":{"self":[{"href":"https:\/\/www.toulouse-biotechnology-institute.fr\/en\/wp-json\/wp\/v2\/pages\/12177","targetHints":{"allow":["GET"]}}],"collection":[{"href":"https:\/\/www.toulouse-biotechnology-institute.fr\/en\/wp-json\/wp\/v2\/pages"}],"about":[{"href":"https:\/\/www.toulouse-biotechnology-institute.fr\/en\/wp-json\/wp\/v2\/types\/page"}],"author":[{"embeddable":true,"href":"https:\/\/www.toulouse-biotechnology-institute.fr\/en\/wp-json\/wp\/v2\/users\/1"}],"replies":[{"embeddable":true,"href":"https:\/\/www.toulouse-biotechnology-institute.fr\/en\/wp-json\/wp\/v2\/comments?post=12177"}],"version-history":[{"count":7,"href":"https:\/\/www.toulouse-biotechnology-institute.fr\/en\/wp-json\/wp\/v2\/pages\/12177\/revisions"}],"predecessor-version":[{"id":12185,"href":"https:\/\/www.toulouse-biotechnology-institute.fr\/en\/wp-json\/wp\/v2\/pages\/12177\/revisions\/12185"}],"wp:attachment":[{"href":"https:\/\/www.toulouse-biotechnology-institute.fr\/en\/wp-json\/wp\/v2\/media?parent=12177"}],"curies":[{"name":"wp","href":"https:\/\/api.w.org\/{rel}","templated":true}]}}