{"id":10812,"date":"2022-10-13T10:44:35","date_gmt":"2022-10-13T08:44:35","guid":{"rendered":"https:\/\/www.toulouse-biotechnology-institute.fr\/?page_id=10812"},"modified":"2023-10-05T16:29:24","modified_gmt":"2023-10-05T14:29:24","slug":"new-eco-routes","status":"publish","type":"page","link":"https:\/\/www.toulouse-biotechnology-institute.fr\/en\/projets\/new-eco-routes\/","title":{"rendered":"New Eco-Routes"},"content":{"rendered":"<div data-elementor-type=\"wp-page\" data-elementor-id=\"10812\" class=\"elementor elementor-10812\" data-elementor-post-type=\"page\">\n\t\t\t\t\t\t<section class=\"elementor-section elementor-top-section elementor-element elementor-element-7c975585 elementor-section-height-min-height elementor-section-boxed elementor-section-height-default elementor-section-items-middle\" data-id=\"7c975585\" data-element_type=\"section\" data-e-type=\"section\" data-settings=\"{&quot;background_background&quot;:&quot;gradient&quot;,&quot;shape_divider_bottom&quot;:&quot;waves&quot;}\">\n\t\t\t\t\t\t\t<div class=\"elementor-background-overlay\"><\/div>\n\t\t\t\t\t\t<div class=\"elementor-shape elementor-shape-bottom\" aria-hidden=\"true\" data-negative=\"false\">\n\t\t\t<svg xmlns=\"http:\/\/www.w3.org\/2000\/svg\" viewbox=\"0 0 1000 100\" preserveaspectratio=\"none\">\n\t<path class=\"elementor-shape-fill\" d=\"M421.9,6.5c22.6-2.5,51.5,0.4,75.5,5.3c23.6,4.9,70.9,23.5,100.5,35.7c75.8,32.2,133.7,44.5,192.6,49.7\tc23.6,2.1,48.7,3.5,103.4-2.5c54.7-6,106.2-25.6,106.2-25.6V0H0v30.3c0,0,72,32.6,158.4,30.5c39.2-0.7,92.8-6.7,134-22.4\tc21.2-8.1,52.2-18.2,79.7-24.2C399.3,7.9,411.6,7.5,421.9,6.5z\"\/>\n<\/svg>\t\t<\/div>\n\t\t\t\t\t<div class=\"elementor-container elementor-column-gap-default\">\n\t\t\t\t\t<div class=\"elementor-column elementor-col-100 elementor-top-column elementor-element elementor-element-b11ad38\" data-id=\"b11ad38\" data-element_type=\"column\" data-e-type=\"column\">\n\t\t\t<div class=\"elementor-widget-wrap elementor-element-populated\">\n\t\t\t\t\t\t<div class=\"elementor-element elementor-element-63cc1887 elementor-widget elementor-widget-heading\" data-id=\"63cc1887\" data-element_type=\"widget\" data-e-type=\"widget\" data-widget_type=\"heading.default\">\n\t\t\t\t<div class=\"elementor-widget-container\">\n\t\t\t\t\t<h1 class=\"elementor-heading-title elementor-size-default\">ANR New Eco-Routes<\/h1>\t\t\t\t<\/div>\n\t\t\t\t<\/div>\n\t\t\t\t\t<\/div>\n\t\t<\/div>\n\t\t\t\t\t<\/div>\n\t\t<\/section>\n\t\t\t\t<section class=\"elementor-section elementor-top-section elementor-element elementor-element-12575fa elementor-section-boxed elementor-section-height-default elementor-section-height-default\" data-id=\"12575fa\" data-element_type=\"section\" data-e-type=\"section\">\n\t\t\t\t\t\t<div class=\"elementor-container elementor-column-gap-default\">\n\t\t\t\t\t<div class=\"elementor-column elementor-col-100 elementor-top-column elementor-element elementor-element-9838bad\" data-id=\"9838bad\" data-element_type=\"column\" data-e-type=\"column\">\n\t\t\t<div class=\"elementor-widget-wrap elementor-element-populated\">\n\t\t\t\t\t\t<section class=\"elementor-section elementor-inner-section elementor-element elementor-element-0ed501b elementor-section-boxed elementor-section-height-default elementor-section-height-default\" data-id=\"0ed501b\" data-element_type=\"section\" data-e-type=\"section\">\n\t\t\t\t\t\t<div class=\"elementor-container elementor-column-gap-default\">\n\t\t\t\t\t<div class=\"elementor-column elementor-col-50 elementor-inner-column elementor-element elementor-element-8872d19\" data-id=\"8872d19\" data-element_type=\"column\" data-e-type=\"column\">\n\t\t\t<div class=\"elementor-widget-wrap elementor-element-populated\">\n\t\t\t\t\t\t<div class=\"elementor-element elementor-element-50abd92 elementor-widget elementor-widget-text-editor\" data-id=\"50abd92\" data-element_type=\"widget\" data-e-type=\"widget\" data-widget_type=\"text-editor.default\">\n\t\t\t\t<div class=\"elementor-widget-container\">\n\t\t\t\t\t\t\t\t\t<p><strong>How to build new eco-designed biotransformation routes?<\/strong><\/p><p><br \/>To be sustainable, bioeconomy routes must integrate both environmental, social and economic issues. Using biotechnological processes is promising to produce added-value molecules from various renewable biomass resources and by-products. Relevant and efficient combinations of unit operations must be involved to transform available resource(s) into chemical(s) integrating economic and environmental assessments at early stage. This project proposes the development of a methodology for optimizing a bioprocess which considers both production performance (productivity, yield, titer), extraction (yield, selectivity, purity) and the environmental footprint (life cycle analysis). By combining (bio)chemical engineering models with environmental assessment (life cycle analysis), the objective will be to optimize the overall integrated process by considering multiple criteria at the same time, and therefore to find a sustainable (bio)production chain configurations.<\/p>\t\t\t\t\t\t\t\t<\/div>\n\t\t\t\t<\/div>\n\t\t\t\t\t<\/div>\n\t\t<\/div>\n\t\t\t\t<div class=\"elementor-column elementor-col-50 elementor-inner-column elementor-element elementor-element-0e8d7d1\" data-id=\"0e8d7d1\" data-element_type=\"column\" data-e-type=\"column\">\n\t\t\t<div class=\"elementor-widget-wrap elementor-element-populated\">\n\t\t\t\t\t\t<div class=\"elementor-element elementor-element-291338f elementor-widget elementor-widget-heading\" data-id=\"291338f\" data-element_type=\"widget\" data-e-type=\"widget\" data-widget_type=\"heading.default\">\n\t\t\t\t<div class=\"elementor-widget-container\">\n\t\t\t\t\t<h2 class=\"elementor-heading-title elementor-size-default\">Partners<\/h2>\t\t\t\t<\/div>\n\t\t\t\t<\/div>\n\t\t\t\t<div class=\"elementor-element elementor-element-9df3edd elementor-position-left elementor-vertical-align-middle elementor-widget elementor-widget-image-box\" data-id=\"9df3edd\" data-element_type=\"widget\" data-e-type=\"widget\" data-widget_type=\"image-box.default\">\n\t\t\t\t<div class=\"elementor-widget-container\">\n\t\t\t\t\t<div class=\"elementor-image-box-wrapper\"><figure class=\"elementor-image-box-img\"><img decoding=\"async\" width=\"240\" height=\"200\" src=\"https:\/\/www.toulouse-biotechnology-institute.fr\/wp-content\/uploads\/2021\/10\/Pied-TBI.png\" class=\"attachment-full size-full wp-image-778\" alt=\"\" \/><\/figure><div class=\"elementor-image-box-content\"><p class=\"elementor-image-box-description\">Coordination \nMicrobial production and modelling\n<\/p><\/div><\/div>\t\t\t\t<\/div>\n\t\t\t\t<\/div>\n\t\t\t\t<div class=\"elementor-element elementor-element-80d748a elementor-position-left elementor-vertical-align-middle elementor-widget elementor-widget-image-box\" data-id=\"80d748a\" data-element_type=\"widget\" data-e-type=\"widget\" data-widget_type=\"image-box.default\">\n\t\t\t\t<div class=\"elementor-widget-container\">\n\t\t\t\t\t<div class=\"elementor-image-box-wrapper\"><figure class=\"elementor-image-box-img\"><img decoding=\"async\" width=\"351\" height=\"118\" src=\"https:\/\/www.toulouse-biotechnology-institute.fr\/wp-content\/uploads\/2022\/10\/sayfood.png\" class=\"attachment-full size-full wp-image-10823\" alt=\"sayfood\" srcset=\"https:\/\/www.toulouse-biotechnology-institute.fr\/wp-content\/uploads\/2022\/10\/sayfood.png 351w, https:\/\/www.toulouse-biotechnology-institute.fr\/wp-content\/uploads\/2022\/10\/sayfood-18x6.png 18w\" sizes=\"(max-width: 351px) 100vw, 351px\" \/><\/figure><div class=\"elementor-image-box-content\"><p class=\"elementor-image-box-description\">Extraction processes and modeling\n<\/p><\/div><\/div>\t\t\t\t<\/div>\n\t\t\t\t<\/div>\n\t\t\t\t<div class=\"elementor-element elementor-element-e1c2e89 elementor-position-left elementor-vertical-align-middle elementor-widget elementor-widget-image-box\" data-id=\"e1c2e89\" data-element_type=\"widget\" data-e-type=\"widget\" data-widget_type=\"image-box.default\">\n\t\t\t\t<div class=\"elementor-widget-container\">\n\t\t\t\t\t<div class=\"elementor-image-box-wrapper\"><figure class=\"elementor-image-box-img\"><img decoding=\"async\" width=\"200\" height=\"200\" src=\"https:\/\/www.toulouse-biotechnology-institute.fr\/wp-content\/uploads\/2022\/10\/LCA.png\" class=\"attachment-full size-full wp-image-10824\" alt=\"\" srcset=\"https:\/\/www.toulouse-biotechnology-institute.fr\/wp-content\/uploads\/2022\/10\/LCA.png 200w, https:\/\/www.toulouse-biotechnology-institute.fr\/wp-content\/uploads\/2022\/10\/LCA-12x12.png 12w\" sizes=\"(max-width: 200px) 100vw, 200px\" \/><\/figure><div class=\"elementor-image-box-content\"><p class=\"elementor-image-box-description\">Chemical Eng.Modeling and Environmental Assessment\n<\/p><\/div><\/div>\t\t\t\t<\/div>\n\t\t\t\t<\/div>\n\t\t\t\t\t<\/div>\n\t\t<\/div>\n\t\t\t\t\t<\/div>\n\t\t<\/section>\n\t\t\t\t\t<\/div>\n\t\t<\/div>\n\t\t\t\t\t<\/div>\n\t\t<\/section>\n\t\t\t\t<section class=\"elementor-section elementor-top-section elementor-element elementor-element-b458d7b elementor-section-content-middle elementor-section-boxed elementor-section-height-default elementor-section-height-default\" data-id=\"b458d7b\" data-element_type=\"section\" data-e-type=\"section\">\n\t\t\t\t\t\t<div class=\"elementor-container elementor-column-gap-default\">\n\t\t\t\t\t<div class=\"elementor-column elementor-col-33 elementor-top-column elementor-element elementor-element-a97e189\" data-id=\"a97e189\" data-element_type=\"column\" data-e-type=\"column\">\n\t\t\t<div class=\"elementor-widget-wrap elementor-element-populated\">\n\t\t\t\t\t\t<div class=\"elementor-element elementor-element-c9145bd elementor-widget elementor-widget-image\" data-id=\"c9145bd\" data-element_type=\"widget\" data-e-type=\"widget\" data-widget_type=\"image.default\">\n\t\t\t\t<div class=\"elementor-widget-container\">\n\t\t\t\t\t\t\t\t\t\t\t\t\t\t\t<img loading=\"lazy\" decoding=\"async\" width=\"600\" height=\"600\" src=\"https:\/\/www.toulouse-biotechnology-institute.fr\/wp-content\/uploads\/2022\/10\/1.png\" class=\"attachment-large size-large wp-image-10828\" alt=\"\" srcset=\"https:\/\/www.toulouse-biotechnology-institute.fr\/wp-content\/uploads\/2022\/10\/1.png 600w, https:\/\/www.toulouse-biotechnology-institute.fr\/wp-content\/uploads\/2022\/10\/1-12x12.png 12w\" sizes=\"(max-width: 600px) 100vw, 600px\" \/>\t\t\t\t\t\t\t\t\t\t\t\t\t\t\t<\/div>\n\t\t\t\t<\/div>\n\t\t\t\t\t<\/div>\n\t\t<\/div>\n\t\t\t\t<div class=\"elementor-column elementor-col-33 elementor-top-column elementor-element elementor-element-a65be1f\" data-id=\"a65be1f\" data-element_type=\"column\" data-e-type=\"column\">\n\t\t\t<div class=\"elementor-widget-wrap elementor-element-populated\">\n\t\t\t\t\t\t<div class=\"elementor-element elementor-element-e2809dd elementor-widget elementor-widget-heading\" data-id=\"e2809dd\" data-element_type=\"widget\" data-e-type=\"widget\" data-widget_type=\"heading.default\">\n\t\t\t\t<div class=\"elementor-widget-container\">\n\t\t\t\t\t<h2 class=\"elementor-heading-title elementor-size-default\">Funding<\/h2>\t\t\t\t<\/div>\n\t\t\t\t<\/div>\n\t\t\t\t<div class=\"elementor-element elementor-element-e220227 elementor-widget elementor-widget-text-editor\" data-id=\"e220227\" data-element_type=\"widget\" data-e-type=\"widget\" data-widget_type=\"text-editor.default\">\n\t\t\t\t<div class=\"elementor-widget-container\">\n\t\t\t\t\t\t\t\t\t<p>ANR-21-CE43-0012-01<\/p><p><strong>Funding= 507 k\u20ac<\/strong><\/p><p>Total = 1.05 M\u20ac<\/p><p>\u00a0<\/p><hr \/><p>\u00a0<\/p><p>Contact\u00a0:\u00a0 <a href=\"mailto:sandrine.alfenore@insa-toulouse.fr\">sandrine.alfenore@insa-toulouse.fr<\/a><\/p>\t\t\t\t\t\t\t\t<\/div>\n\t\t\t\t<\/div>\n\t\t\t\t\t<\/div>\n\t\t<\/div>\n\t\t\t\t<div class=\"elementor-column elementor-col-33 elementor-top-column elementor-element elementor-element-6c3d522\" data-id=\"6c3d522\" data-element_type=\"column\" data-e-type=\"column\">\n\t\t\t<div class=\"elementor-widget-wrap elementor-element-populated\">\n\t\t\t\t\t\t<div class=\"elementor-element elementor-element-1bfe0c7 elementor-widget elementor-widget-image\" data-id=\"1bfe0c7\" data-element_type=\"widget\" data-e-type=\"widget\" data-widget_type=\"image.default\">\n\t\t\t\t<div class=\"elementor-widget-container\">\n\t\t\t\t\t\t\t\t\t\t\t\t\t\t\t<img loading=\"lazy\" decoding=\"async\" width=\"3630\" height=\"2379\" src=\"https:\/\/www.toulouse-biotechnology-institute.fr\/wp-content\/uploads\/2022\/10\/2.png\" class=\"attachment-large size-large wp-image-10829\" alt=\"\" srcset=\"https:\/\/www.toulouse-biotechnology-institute.fr\/wp-content\/uploads\/2022\/10\/2.png 3630w, https:\/\/www.toulouse-biotechnology-institute.fr\/wp-content\/uploads\/2022\/10\/2-768x503.png 768w, https:\/\/www.toulouse-biotechnology-institute.fr\/wp-content\/uploads\/2022\/10\/2-1536x1007.png 1536w, https:\/\/www.toulouse-biotechnology-institute.fr\/wp-content\/uploads\/2022\/10\/2-2048x1342.png 2048w, https:\/\/www.toulouse-biotechnology-institute.fr\/wp-content\/uploads\/2022\/10\/2-18x12.png 18w\" sizes=\"(max-width: 3630px) 100vw, 3630px\" \/>\t\t\t\t\t\t\t\t\t\t\t\t\t\t\t<\/div>\n\t\t\t\t<\/div>\n\t\t\t\t\t<\/div>\n\t\t<\/div>\n\t\t\t\t\t<\/div>\n\t\t<\/section>\n\t\t\t\t<\/div>","protected":false},"excerpt":{"rendered":"<p>ANR New Eco-Routes Comment construire de nouvelles voies de biotransformation \u00e9co-con\u00e7ues ? Pour \u00eatre durables, les voies de la bio\u00e9conomie doivent int\u00e9grer \u00e0 la fois les enjeux environnementaux, sociaux et \u00e9conomiques. L&#8217;utilisation de proc\u00e9d\u00e9s biotechnologiques est prometteuse pour produire des mol\u00e9cules \u00e0 valeur ajout\u00e9e \u00e0 partir de diverses ressources et sous-produits de la biomasse renouvelable. [&hellip;]<\/p>\n","protected":false},"author":1,"featured_media":0,"parent":13372,"menu_order":0,"comment_status":"closed","ping_status":"closed","template":"","meta":{"footnotes":""},"class_list":["post-10812","page","type-page","status-publish","hentry"],"yoast_head":"<!-- This site is optimized with the Yoast SEO plugin v27.3 - https:\/\/yoast.com\/product\/yoast-seo-wordpress\/ -->\n<title>New Eco-Routes | TBI, Toulouse Biotechnology Institute<\/title>\n<meta name=\"robots\" content=\"index, follow, max-snippet:-1, max-image-preview:large, max-video-preview:-1\" \/>\n<link rel=\"canonical\" href=\"https:\/\/www.toulouse-biotechnology-institute.fr\/en\/projets\/new-eco-routes\/\" \/>\n<meta property=\"og:locale\" content=\"en_GB\" \/>\n<meta property=\"og:type\" content=\"article\" \/>\n<meta property=\"og:title\" content=\"New Eco-Routes | TBI, Toulouse Biotechnology Institute\" \/>\n<meta property=\"og:description\" content=\"ANR New Eco-Routes Comment construire de nouvelles voies de biotransformation \u00e9co-con\u00e7ues ? Pour \u00eatre durables, les voies de la bio\u00e9conomie doivent int\u00e9grer \u00e0 la fois les enjeux environnementaux, sociaux et \u00e9conomiques. L&#8217;utilisation de proc\u00e9d\u00e9s biotechnologiques est prometteuse pour produire des mol\u00e9cules \u00e0 valeur ajout\u00e9e \u00e0 partir de diverses ressources et sous-produits de la biomasse renouvelable. [&hellip;]\" \/>\n<meta property=\"og:url\" content=\"https:\/\/www.toulouse-biotechnology-institute.fr\/en\/projets\/new-eco-routes\/\" \/>\n<meta property=\"og:site_name\" content=\"TBI, Toulouse Biotechnology Institute\" \/>\n<meta property=\"article:publisher\" content=\"https:\/\/www.facebook.com\/TBI-Toulouse-Biotechnology-Institute-Bio-Chemical-Engineering-360428497952306\" \/>\n<meta property=\"article:modified_time\" content=\"2023-10-05T14:29:24+00:00\" \/>\n<meta property=\"og:image\" content=\"https:\/\/www.toulouse-biotechnology-institute.fr\/wp-content\/uploads\/2021\/10\/Pied-TBI.png\" \/>\n<meta name=\"twitter:card\" content=\"summary_large_image\" \/>\n<meta name=\"twitter:site\" content=\"@TBI_Biotech\" \/>\n<meta name=\"twitter:label1\" content=\"Estimated reading time\" \/>\n\t<meta name=\"twitter:data1\" content=\"1 minute\" \/>\n<script type=\"application\/ld+json\" class=\"yoast-schema-graph\">{\"@context\":\"https:\\\/\\\/schema.org\",\"@graph\":[{\"@type\":\"WebPage\",\"@id\":\"https:\\\/\\\/www.toulouse-biotechnology-institute.fr\\\/projets\\\/new-eco-routes\\\/\",\"url\":\"https:\\\/\\\/www.toulouse-biotechnology-institute.fr\\\/projets\\\/new-eco-routes\\\/\",\"name\":\"New Eco-Routes | TBI, Toulouse Biotechnology Institute\",\"isPartOf\":{\"@id\":\"https:\\\/\\\/www.toulouse-biotechnology-institute.fr\\\/#website\"},\"primaryImageOfPage\":{\"@id\":\"https:\\\/\\\/www.toulouse-biotechnology-institute.fr\\\/projets\\\/new-eco-routes\\\/#primaryimage\"},\"image\":{\"@id\":\"https:\\\/\\\/www.toulouse-biotechnology-institute.fr\\\/projets\\\/new-eco-routes\\\/#primaryimage\"},\"thumbnailUrl\":\"https:\\\/\\\/www.toulouse-biotechnology-institute.fr\\\/wp-content\\\/uploads\\\/2021\\\/10\\\/Pied-TBI.png\",\"datePublished\":\"2022-10-13T08:44:35+00:00\",\"dateModified\":\"2023-10-05T14:29:24+00:00\",\"breadcrumb\":{\"@id\":\"https:\\\/\\\/www.toulouse-biotechnology-institute.fr\\\/projets\\\/new-eco-routes\\\/#breadcrumb\"},\"inLanguage\":\"en-GB\",\"potentialAction\":[{\"@type\":\"ReadAction\",\"target\":[\"https:\\\/\\\/www.toulouse-biotechnology-institute.fr\\\/projets\\\/new-eco-routes\\\/\"]}]},{\"@type\":\"ImageObject\",\"inLanguage\":\"en-GB\",\"@id\":\"https:\\\/\\\/www.toulouse-biotechnology-institute.fr\\\/projets\\\/new-eco-routes\\\/#primaryimage\",\"url\":\"https:\\\/\\\/www.toulouse-biotechnology-institute.fr\\\/wp-content\\\/uploads\\\/2021\\\/10\\\/Pied-TBI.png\",\"contentUrl\":\"https:\\\/\\\/www.toulouse-biotechnology-institute.fr\\\/wp-content\\\/uploads\\\/2021\\\/10\\\/Pied-TBI.png\"},{\"@type\":\"BreadcrumbList\",\"@id\":\"https:\\\/\\\/www.toulouse-biotechnology-institute.fr\\\/projets\\\/new-eco-routes\\\/#breadcrumb\",\"itemListElement\":[{\"@type\":\"ListItem\",\"position\":1,\"name\":\"Accueil\",\"item\":\"https:\\\/\\\/www.toulouse-biotechnology-institute.fr\\\/\"},{\"@type\":\"ListItem\",\"position\":2,\"name\":\"Les projets\",\"item\":\"https:\\\/\\\/www.toulouse-biotechnology-institute.fr\\\/projets\\\/\"},{\"@type\":\"ListItem\",\"position\":3,\"name\":\"New Eco-Routes\"}]},{\"@type\":\"WebSite\",\"@id\":\"https:\\\/\\\/www.toulouse-biotechnology-institute.fr\\\/#website\",\"url\":\"https:\\\/\\\/www.toulouse-biotechnology-institute.fr\\\/\",\"name\":\"TBI, Toulouse Biotechnology Institute\",\"description\":\"Bio &amp; Chemical Engineering\",\"publisher\":{\"@id\":\"https:\\\/\\\/www.toulouse-biotechnology-institute.fr\\\/#organization\"},\"alternateName\":\"TBI, Toulouse Biotechnology Institute\",\"potentialAction\":[{\"@type\":\"SearchAction\",\"target\":{\"@type\":\"EntryPoint\",\"urlTemplate\":\"https:\\\/\\\/www.toulouse-biotechnology-institute.fr\\\/?s={search_term_string}\"},\"query-input\":{\"@type\":\"PropertyValueSpecification\",\"valueRequired\":true,\"valueName\":\"search_term_string\"}}],\"inLanguage\":\"en-GB\"},{\"@type\":\"Organization\",\"@id\":\"https:\\\/\\\/www.toulouse-biotechnology-institute.fr\\\/#organization\",\"name\":\"TBI - Toulouse Biotechnology Institute\",\"url\":\"https:\\\/\\\/www.toulouse-biotechnology-institute.fr\\\/\",\"logo\":{\"@type\":\"ImageObject\",\"inLanguage\":\"en-GB\",\"@id\":\"https:\\\/\\\/www.toulouse-biotechnology-institute.fr\\\/#\\\/schema\\\/logo\\\/image\\\/\",\"url\":\"https:\\\/\\\/i0.wp.com\\\/www.toulouse-biotechnology-institute.fr\\\/wp-content\\\/uploads\\\/2021\\\/11\\\/100LOGO-TBITransp-BD.png?fit=100%2C56&ssl=1\",\"contentUrl\":\"https:\\\/\\\/i0.wp.com\\\/www.toulouse-biotechnology-institute.fr\\\/wp-content\\\/uploads\\\/2021\\\/11\\\/100LOGO-TBITransp-BD.png?fit=100%2C56&ssl=1\",\"width\":100,\"height\":56,\"caption\":\"TBI - Toulouse Biotechnology Institute\"},\"image\":{\"@id\":\"https:\\\/\\\/www.toulouse-biotechnology-institute.fr\\\/#\\\/schema\\\/logo\\\/image\\\/\"},\"sameAs\":[\"https:\\\/\\\/www.facebook.com\\\/TBI-Toulouse-Biotechnology-Institute-Bio-Chemical-Engineering-360428497952306\",\"https:\\\/\\\/x.com\\\/TBI_Biotech\"]}]}<\/script>\n<!-- \/ Yoast SEO plugin. -->","yoast_head_json":{"title":"New Eco-Routes | TBI, Toulouse Biotechnology Institute","robots":{"index":"index","follow":"follow","max-snippet":"max-snippet:-1","max-image-preview":"max-image-preview:large","max-video-preview":"max-video-preview:-1"},"canonical":"https:\/\/www.toulouse-biotechnology-institute.fr\/en\/projets\/new-eco-routes\/","og_locale":"en_GB","og_type":"article","og_title":"New Eco-Routes | TBI, Toulouse Biotechnology Institute","og_description":"ANR New Eco-Routes Comment construire de nouvelles voies de biotransformation \u00e9co-con\u00e7ues ? Pour \u00eatre durables, les voies de la bio\u00e9conomie doivent int\u00e9grer \u00e0 la fois les enjeux environnementaux, sociaux et \u00e9conomiques. L&#8217;utilisation de proc\u00e9d\u00e9s biotechnologiques est prometteuse pour produire des mol\u00e9cules \u00e0 valeur ajout\u00e9e \u00e0 partir de diverses ressources et sous-produits de la biomasse renouvelable. [&hellip;]","og_url":"https:\/\/www.toulouse-biotechnology-institute.fr\/en\/projets\/new-eco-routes\/","og_site_name":"TBI, Toulouse Biotechnology Institute","article_publisher":"https:\/\/www.facebook.com\/TBI-Toulouse-Biotechnology-Institute-Bio-Chemical-Engineering-360428497952306","article_modified_time":"2023-10-05T14:29:24+00:00","og_image":[{"url":"https:\/\/www.toulouse-biotechnology-institute.fr\/wp-content\/uploads\/2021\/10\/Pied-TBI.png","type":"","width":"","height":""}],"twitter_card":"summary_large_image","twitter_site":"@TBI_Biotech","twitter_misc":{"Estimated reading time":"1 minute"},"schema":{"@context":"https:\/\/schema.org","@graph":[{"@type":"WebPage","@id":"https:\/\/www.toulouse-biotechnology-institute.fr\/projets\/new-eco-routes\/","url":"https:\/\/www.toulouse-biotechnology-institute.fr\/projets\/new-eco-routes\/","name":"New Eco-Routes | TBI, Toulouse Biotechnology Institute","isPartOf":{"@id":"https:\/\/www.toulouse-biotechnology-institute.fr\/#website"},"primaryImageOfPage":{"@id":"https:\/\/www.toulouse-biotechnology-institute.fr\/projets\/new-eco-routes\/#primaryimage"},"image":{"@id":"https:\/\/www.toulouse-biotechnology-institute.fr\/projets\/new-eco-routes\/#primaryimage"},"thumbnailUrl":"https:\/\/www.toulouse-biotechnology-institute.fr\/wp-content\/uploads\/2021\/10\/Pied-TBI.png","datePublished":"2022-10-13T08:44:35+00:00","dateModified":"2023-10-05T14:29:24+00:00","breadcrumb":{"@id":"https:\/\/www.toulouse-biotechnology-institute.fr\/projets\/new-eco-routes\/#breadcrumb"},"inLanguage":"en-GB","potentialAction":[{"@type":"ReadAction","target":["https:\/\/www.toulouse-biotechnology-institute.fr\/projets\/new-eco-routes\/"]}]},{"@type":"ImageObject","inLanguage":"en-GB","@id":"https:\/\/www.toulouse-biotechnology-institute.fr\/projets\/new-eco-routes\/#primaryimage","url":"https:\/\/www.toulouse-biotechnology-institute.fr\/wp-content\/uploads\/2021\/10\/Pied-TBI.png","contentUrl":"https:\/\/www.toulouse-biotechnology-institute.fr\/wp-content\/uploads\/2021\/10\/Pied-TBI.png"},{"@type":"BreadcrumbList","@id":"https:\/\/www.toulouse-biotechnology-institute.fr\/projets\/new-eco-routes\/#breadcrumb","itemListElement":[{"@type":"ListItem","position":1,"name":"Accueil","item":"https:\/\/www.toulouse-biotechnology-institute.fr\/"},{"@type":"ListItem","position":2,"name":"Les projets","item":"https:\/\/www.toulouse-biotechnology-institute.fr\/projets\/"},{"@type":"ListItem","position":3,"name":"New Eco-Routes"}]},{"@type":"WebSite","@id":"https:\/\/www.toulouse-biotechnology-institute.fr\/#website","url":"https:\/\/www.toulouse-biotechnology-institute.fr\/","name":"TBI, Toulouse Biotechnology Institute","description":"Bio &amp; Chemical Engineering","publisher":{"@id":"https:\/\/www.toulouse-biotechnology-institute.fr\/#organization"},"alternateName":"TBI, Toulouse Biotechnology Institute","potentialAction":[{"@type":"SearchAction","target":{"@type":"EntryPoint","urlTemplate":"https:\/\/www.toulouse-biotechnology-institute.fr\/?s={search_term_string}"},"query-input":{"@type":"PropertyValueSpecification","valueRequired":true,"valueName":"search_term_string"}}],"inLanguage":"en-GB"},{"@type":"Organization","@id":"https:\/\/www.toulouse-biotechnology-institute.fr\/#organization","name":"TBI - Toulouse Biotechnology Institute","url":"https:\/\/www.toulouse-biotechnology-institute.fr\/","logo":{"@type":"ImageObject","inLanguage":"en-GB","@id":"https:\/\/www.toulouse-biotechnology-institute.fr\/#\/schema\/logo\/image\/","url":"https:\/\/i0.wp.com\/www.toulouse-biotechnology-institute.fr\/wp-content\/uploads\/2021\/11\/100LOGO-TBITransp-BD.png?fit=100%2C56&ssl=1","contentUrl":"https:\/\/i0.wp.com\/www.toulouse-biotechnology-institute.fr\/wp-content\/uploads\/2021\/11\/100LOGO-TBITransp-BD.png?fit=100%2C56&ssl=1","width":100,"height":56,"caption":"TBI - Toulouse Biotechnology Institute"},"image":{"@id":"https:\/\/www.toulouse-biotechnology-institute.fr\/#\/schema\/logo\/image\/"},"sameAs":["https:\/\/www.facebook.com\/TBI-Toulouse-Biotechnology-Institute-Bio-Chemical-Engineering-360428497952306","https:\/\/x.com\/TBI_Biotech"]}]}},"_links":{"self":[{"href":"https:\/\/www.toulouse-biotechnology-institute.fr\/en\/wp-json\/wp\/v2\/pages\/10812","targetHints":{"allow":["GET"]}}],"collection":[{"href":"https:\/\/www.toulouse-biotechnology-institute.fr\/en\/wp-json\/wp\/v2\/pages"}],"about":[{"href":"https:\/\/www.toulouse-biotechnology-institute.fr\/en\/wp-json\/wp\/v2\/types\/page"}],"author":[{"embeddable":true,"href":"https:\/\/www.toulouse-biotechnology-institute.fr\/en\/wp-json\/wp\/v2\/users\/1"}],"replies":[{"embeddable":true,"href":"https:\/\/www.toulouse-biotechnology-institute.fr\/en\/wp-json\/wp\/v2\/comments?post=10812"}],"version-history":[{"count":25,"href":"https:\/\/www.toulouse-biotechnology-institute.fr\/en\/wp-json\/wp\/v2\/pages\/10812\/revisions"}],"predecessor-version":[{"id":10841,"href":"https:\/\/www.toulouse-biotechnology-institute.fr\/en\/wp-json\/wp\/v2\/pages\/10812\/revisions\/10841"}],"up":[{"embeddable":true,"href":"https:\/\/www.toulouse-biotechnology-institute.fr\/en\/wp-json\/wp\/v2\/pages\/13372"}],"wp:attachment":[{"href":"https:\/\/www.toulouse-biotechnology-institute.fr\/en\/wp-json\/wp\/v2\/media?parent=10812"}],"curies":[{"name":"wp","href":"https:\/\/api.w.org\/{rel}","templated":true}]}}